{"id":3817,"date":"2019-11-18T19:14:36","date_gmt":"2019-11-18T19:14:36","guid":{"rendered":"https:\/\/www.iveinarabic.org\/esclavos-de-amor-de-maria\/"},"modified":"2019-11-18T19:14:36","modified_gmt":"2019-11-18T19:14:36","slug":"esclavos-de-amor-de-maria","status":"publish","type":"page","link":"https:\/\/iveinarabic.org\/es\/esclavos-de-amor-de-maria\/","title":{"rendered":"ESCLAVOS DE AMOR DE MAR\u00cdA"},"content":{"rendered":"\t\t<div data-elementor-type=\"wp-post\" data-elementor-id=\"3817\" class=\"elementor elementor-3817 elementor-237\" data-elementor-post-type=\"page\">\n\t\t\t\t\t\t<section class=\"elementor-section elementor-top-section elementor-element elementor-element-2a1de2a elementor-section-boxed elementor-section-height-default elementor-section-height-default\" data-id=\"2a1de2a\" data-element_type=\"section\" data-e-type=\"section\" data-settings=\"{&quot;jet_parallax_layout_list&quot;:[{&quot;jet_parallax_layout_image&quot;:{&quot;url&quot;:&quot;&quot;,&quot;id&quot;:&quot;&quot;,&quot;size&quot;:&quot;&quot;},&quot;_id&quot;:&quot;f0f5da4&quot;,&quot;jet_parallax_layout_image_tablet&quot;:{&quot;url&quot;:&quot;&quot;,&quot;id&quot;:&quot;&quot;,&quot;size&quot;:&quot;&quot;},&quot;jet_parallax_layout_image_mobile&quot;:{&quot;url&quot;:&quot;&quot;,&quot;id&quot;:&quot;&quot;,&quot;size&quot;:&quot;&quot;},&quot;jet_parallax_layout_speed&quot;:{&quot;unit&quot;:&quot;%&quot;,&quot;size&quot;:50,&quot;sizes&quot;:[]},&quot;jet_parallax_layout_type&quot;:&quot;scroll&quot;,&quot;jet_parallax_layout_z_index&quot;:&quot;&quot;,&quot;jet_parallax_layout_bg_x&quot;:50,&quot;jet_parallax_layout_bg_y&quot;:50,&quot;jet_parallax_layout_bg_size&quot;:&quot;auto&quot;,&quot;jet_parallax_layout_animation_prop&quot;:&quot;transform&quot;,&quot;jet_parallax_layout_on&quot;:[&quot;desktop&quot;,&quot;tablet&quot;],&quot;jet_parallax_layout_direction&quot;:&quot;1&quot;,&quot;jet_parallax_layout_fx_direction&quot;:null,&quot;jet_parallax_layout_bg_x_tablet&quot;:&quot;&quot;,&quot;jet_parallax_layout_bg_x_mobile&quot;:&quot;&quot;,&quot;jet_parallax_layout_bg_y_tablet&quot;:&quot;&quot;,&quot;jet_parallax_layout_bg_y_mobile&quot;:&quot;&quot;,&quot;jet_parallax_layout_bg_size_tablet&quot;:&quot;&quot;,&quot;jet_parallax_layout_bg_size_mobile&quot;:&quot;&quot;}]}\">\n\t\t\t\t\t\t<div class=\"elementor-container elementor-column-gap-default\">\n\t\t\t\t\t<div class=\"elementor-column elementor-col-100 elementor-top-column elementor-element elementor-element-a89ce08\" data-id=\"a89ce08\" data-element_type=\"column\" data-e-type=\"column\">\n\t\t\t<div class=\"elementor-widget-wrap elementor-element-populated\">\n\t\t\t\t\t\t<div class=\"elementor-element elementor-element-6b5e7fd elementor-widget elementor-widget-heading\" data-id=\"6b5e7fd\" data-element_type=\"widget\" data-e-type=\"widget\" data-widget_type=\"heading.default\">\n\t\t\t\t<div class=\"elementor-widget-container\">\n\t\t\t\t\t<h2 class=\"elementor-heading-title elementor-size-default\">ESCLAVOS DE AMOR DE MAR\u00cdA<\/h2>\t\t\t\t<\/div>\n\t\t\t\t<\/div>\n\t\t\t\t\t<\/div>\n\t\t<\/div>\n\t\t\t\t\t<\/div>\n\t\t<\/section>\n\t\t\t\t<section class=\"elementor-section elementor-top-section elementor-element elementor-element-63b60ad elementor-section-boxed elementor-section-height-default elementor-section-height-default\" data-id=\"63b60ad\" data-element_type=\"section\" data-e-type=\"section\" data-settings=\"{&quot;jet_parallax_layout_list&quot;:[{&quot;jet_parallax_layout_image&quot;:{&quot;url&quot;:&quot;&quot;,&quot;id&quot;:&quot;&quot;,&quot;size&quot;:&quot;&quot;},&quot;_id&quot;:&quot;be30d43&quot;,&quot;jet_parallax_layout_image_tablet&quot;:{&quot;url&quot;:&quot;&quot;,&quot;id&quot;:&quot;&quot;,&quot;size&quot;:&quot;&quot;},&quot;jet_parallax_layout_image_mobile&quot;:{&quot;url&quot;:&quot;&quot;,&quot;id&quot;:&quot;&quot;,&quot;size&quot;:&quot;&quot;},&quot;jet_parallax_layout_speed&quot;:{&quot;unit&quot;:&quot;%&quot;,&quot;size&quot;:50,&quot;sizes&quot;:[]},&quot;jet_parallax_layout_type&quot;:&quot;scroll&quot;,&quot;jet_parallax_layout_z_index&quot;:&quot;&quot;,&quot;jet_parallax_layout_bg_x&quot;:50,&quot;jet_parallax_layout_bg_y&quot;:50,&quot;jet_parallax_layout_bg_size&quot;:&quot;auto&quot;,&quot;jet_parallax_layout_animation_prop&quot;:&quot;transform&quot;,&quot;jet_parallax_layout_on&quot;:[&quot;desktop&quot;,&quot;tablet&quot;],&quot;jet_parallax_layout_direction&quot;:&quot;1&quot;,&quot;jet_parallax_layout_fx_direction&quot;:null,&quot;jet_parallax_layout_bg_x_tablet&quot;:&quot;&quot;,&quot;jet_parallax_layout_bg_x_mobile&quot;:&quot;&quot;,&quot;jet_parallax_layout_bg_y_tablet&quot;:&quot;&quot;,&quot;jet_parallax_layout_bg_y_mobile&quot;:&quot;&quot;,&quot;jet_parallax_layout_bg_size_tablet&quot;:&quot;&quot;,&quot;jet_parallax_layout_bg_size_mobile&quot;:&quot;&quot;}]}\">\n\t\t\t\t\t\t<div class=\"elementor-container elementor-column-gap-default\">\n\t\t\t\t\t<div class=\"elementor-column elementor-col-100 elementor-top-column elementor-element elementor-element-8725152\" data-id=\"8725152\" data-element_type=\"column\" data-e-type=\"column\">\n\t\t\t<div class=\"elementor-widget-wrap elementor-element-populated\">\n\t\t\t\t\t\t<div class=\"elementor-element elementor-element-948ec2d elementor-widget elementor-widget-image\" data-id=\"948ec2d\" data-element_type=\"widget\" data-e-type=\"widget\" data-widget_type=\"image.default\">\n\t\t\t\t<div class=\"elementor-widget-container\">\n\t\t\t\t\t\t\t\t\t\t\t\t\t\t\t<img fetchpriority=\"high\" decoding=\"async\" width=\"737\" height=\"471\" src=\"https:\/\/iveinarabic.org\/wp-content\/uploads\/2019\/08\/mary.jpg\" class=\"attachment-large size-large wp-image-3132\" alt=\"\" srcset=\"https:\/\/iveinarabic.org\/wp-content\/uploads\/2019\/08\/mary.jpg 737w, https:\/\/iveinarabic.org\/wp-content\/uploads\/2019\/08\/mary-300x192.jpg 300w\" sizes=\"(max-width: 737px) 100vw, 737px\" \/>\t\t\t\t\t\t\t\t\t\t\t\t\t\t\t<\/div>\n\t\t\t\t<\/div>\n\t\t\t\t<div class=\"elementor-element elementor-element-12e181f elementor-widget elementor-widget-text-editor\" data-id=\"12e181f\" data-element_type=\"widget\" data-e-type=\"widget\" data-widget_type=\"text-editor.default\">\n\t\t\t\t<div class=\"elementor-widget-container\">\n\t\t\t\t\t\t\t\t\t<h3>LA CONSAGRACI\u00d3N A MAR\u00cdA COMPLETA NUESTRA OFERTA TOTAL A CRISTO EN UN SUPREMO ACTO DE SUMISI\u00d3N<\/h3>\n<p>Queremos manifestar nuestro amor y agradecimiento a la Sant\u00edsima Virgen a la par que obtener su ayuda imprescindible para prolongar la Encarnaci\u00f3n en todas las cosas, haciendo un cuarto voto de esclavitud mariana seg\u00fan San Luis Mar\u00eda de Montfort.<\/p>\n<p>Este cuarto voto que hacemos, junto a los de castidad, pobreza y obediencia, implica una total entrega a Mar\u00eda para servir mejor a Jesucristo. Por ello implica un doble aspecto:<\/p>\n<p>MATERNA ESCLAVITUD DE AMOR<\/p>\n<p>Esta consagraci\u00f3n a Mar\u00eda es hecha como \u201cmaterna esclavitud de amor\u201d, seg\u00fan el modo admirablemente expuesto por San Luis Mar\u00eda Grignion de Montfort. Tal esclavitud es llamada por \u00e9l \u201cesclavitud de voluntad\u201d o \u201cde amor\u201d, ya que libre y voluntariamente, s\u00f3lo movida por el amor, hacemos ofrenda de todos nuestros bienes y de nosotros mismos a Mar\u00eda, y por Ella a Jesucristo. Esto no es sino renovar, m\u00e1s plena y conscientemente, las promesas hechas en el Bautismo, en el cual fuimos revestidos de Cristo, y en la profesi\u00f3n religiosa. Y, adem\u00e1s, por esta esclavitud de amor se hace patente el dominio y la providencia maternal que tiene Mar\u00eda sobre todas las cosas, pero especialmente sobre las almas fieles, seg\u00fan lo cual expresa San Buenaventura: \u201cEsclava de Mar\u00eda Reina es cualquier alma fiel, incluso la Iglesia universal\u201d. Y afirma Juan Pablo II: \u201c\u2026 la entrega a Mar\u00eda tal como la presenta San Luis Mar\u00eda Grignion de Montfort es el mejor medio de participar con provecho y eficacia de esta realidad para extraer de ella y compartir con los dem\u00e1s unas riquezas inefables\u2026 Veo en ello (la esclavitud de amor) una especie de paradoja de las que tanto abundan en los Evangelios, en las que las palabras \u2018santa esclavitud\u2019 pueden significar que nosotros no sabr\u00edamos explotar m\u00e1s a fondo nuestra libertad\u2026 Porque la libertad se mide con la medida del amor de que somos capaces\u201d.<\/p>\n<p>Por esta esclavitud de amor, no s\u00f3lo ofrecemos a Cristo por Mar\u00eda nuestro cuerpo, nuestra alma y nuestros bienes exteriores, sino incluso nuestras buenas obras, pasadas, presentes y futuras, con todo su valor satisfactorio y meritorio, a fin de que Ella disponga de todo seg\u00fan su benepl\u00e1cito, seguros de que, por Mar\u00eda, Madre del Verbo Encarnado, debemos ir a \u00c9l, y que Ella ha de formar \u201cgrandes santos\u201d.<\/p>\n<p>MARIANIZAR LA VIDA<\/p>\n<p>Fruto de consagraci\u00f3n a la Sant\u00edsima Virgen y consecuencia natural es el marianizar toda la vida. Para ello es preciso, en primer lugar, HACER TODO POR MAR\u00cdA, lo cual nos indica el medio, y tal es la fusi\u00f3n de intenciones. Nada hay que la Madre de Dios se reserve para s\u00ed, sino que en todo nos dice y ense\u00f1a, como a los servidores de Can\u00e1, haced lo que \u00c9l os diga (Jn 2,5).<\/p>\n<p>En segundo lugar, HAY QUE HACER TODO CON MAR\u00cdA, en lo cual se expresa la compa\u00f1\u00eda y el modelo que debe guiar \u201ctodas nuestras intenciones, acciones y operaciones\u201d, puesto que Ella es la obra maestra de Dios. Aqu\u00ed, pues, se nos muestra lo que debemos imitar. Si el Ap\u00f3stol dec\u00eda Sed imitadores m\u00edos como yo lo soy de Cristo (1 Cor 11,1), \u00a1con cu\u00e1nta mayor raz\u00f3n podr\u00e1 afirmarse esto de la Virgen, en quien ha hecho maravillas el Todopoderoso, cuyo Nombre es santo!. \u201cMientras que la Iglesia en la Sant\u00edsima Virgen ya lleg\u00f3 a la perfecci\u00f3n, por lo que se presenta sin mancha ni arruga, los fieles\u2026 levantan sus ojos hacia Mar\u00eda, que brilla ante toda la comunidad de los elegidos como modelo de virtudes\u201d.<\/p>\n<p>En tercer lugar, ES NECESARIO OBRAR EN MAR\u00cdA, vale decir, en \u00edntima uni\u00f3n con Ella, y con esto se muestra la permanencia y unidad que ha de darse entre el consagrado y la Madre de Dios. El que ama est\u00e1 en el amante: tal es la propiedad del amor ardiente, que tiende de suyo a una mutua compenetraci\u00f3n, cada vez m\u00e1s profunda y m\u00e1s s\u00f3lida. De este modo se imita al Verbo Encarnado, que quiso venir al mundo y habitar en el seno de Mar\u00eda durante nueve meses, y se hace efectivo su mandato y donaci\u00f3n p\u00f3stuma: Dijo al disc\u00edpulo: He aqu\u00ed a tu Madre. Y desde aquella hora el disc\u00edpulo la recibi\u00f3 en su casa (Jn 19,27).<\/p>\n<p>Finalmente, ES PRECISO HACER TODO PARA MAR\u00cdA. La Sant\u00edsima Virgen, subordinada siempre a Cristo seg\u00fan el designio eterno del Padre, debe ser el fin al cual se dirijan nuestros actos, el objeto que atraiga el coraz\u00f3n de cada consagrado y el motivo de los trabajos emprendidos. Mar\u00eda es \u201cel fin pr\u00f3ximo, el centro misterioso y el medio f\u00e1cil para ir a Cristo\u201d.<\/p>\n<p>Todo fiel esclavo de Jes\u00fas en Mar\u00eda debe, por tanto, invocarla, saludarla, pensar en Ella, hablar de Ella, honrarla, glorificarla, recomendarse a Ella, gozar y sufrir con Ella, trabajar, orar y descansar con Ella y, en fin, desear vivir siempre por Jes\u00fas y por Mar\u00eda, con Jes\u00fas y con Mar\u00eda, en Jes\u00fas y en Mar\u00eda, para Jes\u00fas y para Mar\u00eda.<\/p>\n<p>&nbsp;<\/p>\n\t\t\t\t\t\t\t\t<\/div>\n\t\t\t\t<\/div>\n\t\t\t\t\t<\/div>\n\t\t<\/div>\n\t\t\t\t\t<\/div>\n\t\t<\/section>\n\t\t\t\t<\/div>\n\t\t","protected":false},"excerpt":{"rendered":"<p>LA CONSAGRACI\u00d3N A MAR\u00cdA COMPLETA NUESTRA OFERTA TOTAL A CRISTO EN UN SUPREMO ACTO DE SUMISI\u00d3N Queremos manifestar nuestro amor y agradecimiento a la Sant\u00edsima Virgen a la par que obtener su ayuda imprescindible para prolongar la Encarnaci\u00f3n en todas las cosas, haciendo un cuarto voto de esclavitud mariana seg\u00fan San Luis Mar\u00eda de Montfort. [&hellip;]<\/p>\n","protected":false},"author":2,"featured_media":0,"parent":0,"menu_order":0,"comment_status":"closed","ping_status":"closed","template":"elementor_header_footer","meta":{"_acf_changed":false,"ocean_post_layout":"","ocean_both_sidebars_style":"","ocean_both_sidebars_content_width":0,"ocean_both_sidebars_sidebars_width":0,"ocean_sidebar":"0","ocean_second_sidebar":"0","ocean_disable_margins":"enable","ocean_add_body_class":"","ocean_shortcode_before_top_bar":"","ocean_shortcode_after_top_bar":"","ocean_shortcode_before_header":"","ocean_shortcode_after_header":"","ocean_has_shortcode":"","ocean_shortcode_after_title":"","ocean_shortcode_before_footer_widgets":"","ocean_shortcode_after_footer_widgets":"","ocean_shortcode_before_footer_bottom":"","ocean_shortcode_after_footer_bottom":"","ocean_display_top_bar":"default","ocean_display_header":"default","ocean_header_style":"","ocean_center_header_left_menu":"0","ocean_custom_header_template":"0","ocean_custom_logo":0,"ocean_custom_retina_logo":0,"ocean_custom_logo_max_width":0,"ocean_custom_logo_tablet_max_width":0,"ocean_custom_logo_mobile_max_width":0,"ocean_custom_logo_max_height":0,"ocean_custom_logo_tablet_max_height":0,"ocean_custom_logo_mobile_max_height":0,"ocean_header_custom_menu":"0","ocean_menu_typo_font_family":"0","ocean_menu_typo_font_subset":"","ocean_menu_typo_font_size":0,"ocean_menu_typo_font_size_tablet":0,"ocean_menu_typo_font_size_mobile":0,"ocean_menu_typo_font_size_unit":"px","ocean_menu_typo_font_weight":"","ocean_menu_typo_font_weight_tablet":"","ocean_menu_typo_font_weight_mobile":"","ocean_menu_typo_transform":"","ocean_menu_typo_transform_tablet":"","ocean_menu_typo_transform_mobile":"","ocean_menu_typo_line_height":0,"ocean_menu_typo_line_height_tablet":0,"ocean_menu_typo_line_height_mobile":0,"ocean_menu_typo_line_height_unit":"","ocean_menu_typo_spacing":0,"ocean_menu_typo_spacing_tablet":0,"ocean_menu_typo_spacing_mobile":0,"ocean_menu_typo_spacing_unit":"","ocean_menu_link_color":"","ocean_menu_link_color_hover":"","ocean_menu_link_color_active":"","ocean_menu_link_background":"","ocean_menu_link_hover_background":"","ocean_menu_link_active_background":"","ocean_menu_social_links_bg":"","ocean_menu_social_hover_links_bg":"","ocean_menu_social_links_color":"","ocean_menu_social_hover_links_color":"","ocean_disable_title":"default","ocean_disable_heading":"default","ocean_post_title":"","ocean_post_subheading":"","ocean_post_title_style":"","ocean_post_title_background_color":"","ocean_post_title_background":0,"ocean_post_title_bg_image_position":"","ocean_post_title_bg_image_attachment":"","ocean_post_title_bg_image_repeat":"","ocean_post_title_bg_image_size":"","ocean_post_title_height":0,"ocean_post_title_bg_overlay":0.5,"ocean_post_title_bg_overlay_color":"","ocean_disable_breadcrumbs":"default","ocean_breadcrumbs_color":"","ocean_breadcrumbs_separator_color":"","ocean_breadcrumbs_links_color":"","ocean_breadcrumbs_links_hover_color":"","ocean_display_footer_widgets":"default","ocean_display_footer_bottom":"default","ocean_custom_footer_template":"0","footnotes":""},"class_list":["post-3817","page","type-page","status-publish","hentry","entry"],"acf":[],"_links":{"self":[{"href":"https:\/\/iveinarabic.org\/es\/wp-json\/wp\/v2\/pages\/3817","targetHints":{"allow":["GET"]}}],"collection":[{"href":"https:\/\/iveinarabic.org\/es\/wp-json\/wp\/v2\/pages"}],"about":[{"href":"https:\/\/iveinarabic.org\/es\/wp-json\/wp\/v2\/types\/page"}],"author":[{"embeddable":true,"href":"https:\/\/iveinarabic.org\/es\/wp-json\/wp\/v2\/users\/2"}],"replies":[{"embeddable":true,"href":"https:\/\/iveinarabic.org\/es\/wp-json\/wp\/v2\/comments?post=3817"}],"version-history":[{"count":0,"href":"https:\/\/iveinarabic.org\/es\/wp-json\/wp\/v2\/pages\/3817\/revisions"}],"wp:attachment":[{"href":"https:\/\/iveinarabic.org\/es\/wp-json\/wp\/v2\/media?parent=3817"}],"curies":[{"name":"wp","href":"https:\/\/api.w.org\/{rel}","templated":true}]}}