{"id":3821,"date":"2019-11-18T19:18:24","date_gmt":"2019-11-18T19:18:24","guid":{"rendered":"https:\/\/www.iveinarabic.org\/vida-contemplativa\/"},"modified":"2019-11-18T19:18:25","modified_gmt":"2019-11-18T19:18:25","slug":"vida-contemplativa","status":"publish","type":"page","link":"https:\/\/iveinarabic.org\/es\/vida-contemplativa\/","title":{"rendered":"VIDA CONTEMPLATIVA"},"content":{"rendered":"\t\t<div data-elementor-type=\"wp-post\" data-elementor-id=\"3821\" class=\"elementor elementor-3821 elementor-273\" data-elementor-post-type=\"page\">\n\t\t\t\t\t\t<section class=\"elementor-section elementor-top-section elementor-element elementor-element-417740a elementor-section-boxed elementor-section-height-default elementor-section-height-default\" data-id=\"417740a\" data-element_type=\"section\" data-e-type=\"section\" data-settings=\"{&quot;jet_parallax_layout_list&quot;:[{&quot;jet_parallax_layout_image&quot;:{&quot;url&quot;:&quot;&quot;,&quot;id&quot;:&quot;&quot;,&quot;size&quot;:&quot;&quot;},&quot;_id&quot;:&quot;f0f5da4&quot;,&quot;jet_parallax_layout_image_tablet&quot;:{&quot;url&quot;:&quot;&quot;,&quot;id&quot;:&quot;&quot;,&quot;size&quot;:&quot;&quot;},&quot;jet_parallax_layout_image_mobile&quot;:{&quot;url&quot;:&quot;&quot;,&quot;id&quot;:&quot;&quot;,&quot;size&quot;:&quot;&quot;},&quot;jet_parallax_layout_speed&quot;:{&quot;unit&quot;:&quot;%&quot;,&quot;size&quot;:50,&quot;sizes&quot;:[]},&quot;jet_parallax_layout_type&quot;:&quot;scroll&quot;,&quot;jet_parallax_layout_z_index&quot;:&quot;&quot;,&quot;jet_parallax_layout_bg_x&quot;:50,&quot;jet_parallax_layout_bg_y&quot;:50,&quot;jet_parallax_layout_bg_size&quot;:&quot;auto&quot;,&quot;jet_parallax_layout_animation_prop&quot;:&quot;transform&quot;,&quot;jet_parallax_layout_on&quot;:[&quot;desktop&quot;,&quot;tablet&quot;],&quot;jet_parallax_layout_direction&quot;:&quot;1&quot;,&quot;jet_parallax_layout_fx_direction&quot;:null,&quot;jet_parallax_layout_bg_x_tablet&quot;:&quot;&quot;,&quot;jet_parallax_layout_bg_x_mobile&quot;:&quot;&quot;,&quot;jet_parallax_layout_bg_y_tablet&quot;:&quot;&quot;,&quot;jet_parallax_layout_bg_y_mobile&quot;:&quot;&quot;,&quot;jet_parallax_layout_bg_size_tablet&quot;:&quot;&quot;,&quot;jet_parallax_layout_bg_size_mobile&quot;:&quot;&quot;}]}\">\n\t\t\t\t\t\t<div class=\"elementor-container elementor-column-gap-default\">\n\t\t\t\t\t<div class=\"elementor-column elementor-col-100 elementor-top-column elementor-element elementor-element-89f3dbb\" data-id=\"89f3dbb\" data-element_type=\"column\" data-e-type=\"column\">\n\t\t\t<div class=\"elementor-widget-wrap elementor-element-populated\">\n\t\t\t\t\t\t<div class=\"elementor-element elementor-element-9ad634a elementor-widget elementor-widget-heading\" data-id=\"9ad634a\" data-element_type=\"widget\" data-e-type=\"widget\" data-widget_type=\"heading.default\">\n\t\t\t\t<div class=\"elementor-widget-container\">\n\t\t\t\t\t<h2 class=\"elementor-heading-title elementor-size-default\">VIDA CONTEMPLATIVA<\/h2>\t\t\t\t<\/div>\n\t\t\t\t<\/div>\n\t\t\t\t\t<\/div>\n\t\t<\/div>\n\t\t\t\t\t<\/div>\n\t\t<\/section>\n\t\t\t\t<section class=\"elementor-section elementor-inner-section elementor-element elementor-element-56a06da elementor-section-boxed elementor-section-height-default elementor-section-height-default\" data-id=\"56a06da\" data-element_type=\"section\" data-e-type=\"section\" data-settings=\"{&quot;jet_parallax_layout_list&quot;:[{&quot;jet_parallax_layout_image&quot;:{&quot;url&quot;:&quot;&quot;,&quot;id&quot;:&quot;&quot;,&quot;size&quot;:&quot;&quot;},&quot;_id&quot;:&quot;6d9ea6a&quot;,&quot;jet_parallax_layout_image_tablet&quot;:{&quot;url&quot;:&quot;&quot;,&quot;id&quot;:&quot;&quot;,&quot;size&quot;:&quot;&quot;},&quot;jet_parallax_layout_image_mobile&quot;:{&quot;url&quot;:&quot;&quot;,&quot;id&quot;:&quot;&quot;,&quot;size&quot;:&quot;&quot;},&quot;jet_parallax_layout_speed&quot;:{&quot;unit&quot;:&quot;%&quot;,&quot;size&quot;:50,&quot;sizes&quot;:[]},&quot;jet_parallax_layout_type&quot;:&quot;scroll&quot;,&quot;jet_parallax_layout_z_index&quot;:&quot;&quot;,&quot;jet_parallax_layout_bg_x&quot;:50,&quot;jet_parallax_layout_bg_y&quot;:50,&quot;jet_parallax_layout_bg_size&quot;:&quot;auto&quot;,&quot;jet_parallax_layout_animation_prop&quot;:&quot;transform&quot;,&quot;jet_parallax_layout_on&quot;:[&quot;desktop&quot;,&quot;tablet&quot;],&quot;jet_parallax_layout_direction&quot;:&quot;1&quot;,&quot;jet_parallax_layout_fx_direction&quot;:null,&quot;jet_parallax_layout_bg_x_tablet&quot;:&quot;&quot;,&quot;jet_parallax_layout_bg_x_mobile&quot;:&quot;&quot;,&quot;jet_parallax_layout_bg_y_tablet&quot;:&quot;&quot;,&quot;jet_parallax_layout_bg_y_mobile&quot;:&quot;&quot;,&quot;jet_parallax_layout_bg_size_tablet&quot;:&quot;&quot;,&quot;jet_parallax_layout_bg_size_mobile&quot;:&quot;&quot;}]}\">\n\t\t\t\t\t\t<div class=\"elementor-container elementor-column-gap-default\">\n\t\t\t\t\t<div class=\"elementor-column elementor-col-33 elementor-inner-column elementor-element elementor-element-1e0481a\" data-id=\"1e0481a\" data-element_type=\"column\" data-e-type=\"column\">\n\t\t\t<div class=\"elementor-widget-wrap elementor-element-populated\">\n\t\t\t\t\t\t<div class=\"elementor-element elementor-element-a0fe6fd elementor-widget elementor-widget-image\" data-id=\"a0fe6fd\" data-element_type=\"widget\" data-e-type=\"widget\" data-widget_type=\"image.default\">\n\t\t\t\t<div class=\"elementor-widget-container\">\n\t\t\t\t\t\t\t\t\t\t\t\t\t\t\t<img fetchpriority=\"high\" decoding=\"async\" width=\"540\" height=\"304\" src=\"https:\/\/iveinarabic.org\/wp-content\/uploads\/2019\/08\/1-1.jpg\" class=\"attachment-large size-large wp-image-3144\" alt=\"\" srcset=\"https:\/\/iveinarabic.org\/wp-content\/uploads\/2019\/08\/1-1.jpg 540w, https:\/\/iveinarabic.org\/wp-content\/uploads\/2019\/08\/1-1-300x169.jpg 300w\" sizes=\"(max-width: 540px) 100vw, 540px\" \/>\t\t\t\t\t\t\t\t\t\t\t\t\t\t\t<\/div>\n\t\t\t\t<\/div>\n\t\t\t\t\t<\/div>\n\t\t<\/div>\n\t\t\t\t<div class=\"elementor-column elementor-col-33 elementor-inner-column elementor-element elementor-element-ae6e682\" data-id=\"ae6e682\" data-element_type=\"column\" data-e-type=\"column\">\n\t\t\t<div class=\"elementor-widget-wrap elementor-element-populated\">\n\t\t\t\t\t\t<div class=\"elementor-element elementor-element-c77c179 elementor-widget elementor-widget-image\" data-id=\"c77c179\" data-element_type=\"widget\" data-e-type=\"widget\" data-widget_type=\"image.default\">\n\t\t\t\t<div class=\"elementor-widget-container\">\n\t\t\t\t\t\t\t\t\t\t\t\t\t\t\t<img decoding=\"async\" width=\"540\" height=\"304\" src=\"https:\/\/iveinarabic.org\/wp-content\/uploads\/2019\/08\/2-1.jpg\" class=\"attachment-large size-large wp-image-3145\" alt=\"\" srcset=\"https:\/\/iveinarabic.org\/wp-content\/uploads\/2019\/08\/2-1.jpg 540w, https:\/\/iveinarabic.org\/wp-content\/uploads\/2019\/08\/2-1-300x169.jpg 300w\" sizes=\"(max-width: 540px) 100vw, 540px\" \/>\t\t\t\t\t\t\t\t\t\t\t\t\t\t\t<\/div>\n\t\t\t\t<\/div>\n\t\t\t\t\t<\/div>\n\t\t<\/div>\n\t\t\t\t<div class=\"elementor-column elementor-col-33 elementor-inner-column elementor-element elementor-element-d75c857\" data-id=\"d75c857\" data-element_type=\"column\" data-e-type=\"column\">\n\t\t\t<div class=\"elementor-widget-wrap elementor-element-populated\">\n\t\t\t\t\t\t<div class=\"elementor-element elementor-element-c2dca1a elementor-widget elementor-widget-image\" data-id=\"c2dca1a\" data-element_type=\"widget\" data-e-type=\"widget\" data-widget_type=\"image.default\">\n\t\t\t\t<div class=\"elementor-widget-container\">\n\t\t\t\t\t\t\t\t\t\t\t\t\t\t\t<img decoding=\"async\" width=\"540\" height=\"304\" src=\"https:\/\/iveinarabic.org\/wp-content\/uploads\/2019\/08\/3-1.jpg\" class=\"attachment-large size-large wp-image-3146\" alt=\"\" srcset=\"https:\/\/iveinarabic.org\/wp-content\/uploads\/2019\/08\/3-1.jpg 540w, https:\/\/iveinarabic.org\/wp-content\/uploads\/2019\/08\/3-1-300x169.jpg 300w\" sizes=\"(max-width: 540px) 100vw, 540px\" \/>\t\t\t\t\t\t\t\t\t\t\t\t\t\t\t<\/div>\n\t\t\t\t<\/div>\n\t\t\t\t\t<\/div>\n\t\t<\/div>\n\t\t\t\t\t<\/div>\n\t\t<\/section>\n\t\t\t\t<section class=\"elementor-section elementor-top-section elementor-element elementor-element-dec5a07 elementor-section-boxed elementor-section-height-default elementor-section-height-default\" data-id=\"dec5a07\" data-element_type=\"section\" data-e-type=\"section\" data-settings=\"{&quot;jet_parallax_layout_list&quot;:[{&quot;jet_parallax_layout_image&quot;:{&quot;url&quot;:&quot;&quot;,&quot;id&quot;:&quot;&quot;,&quot;size&quot;:&quot;&quot;},&quot;_id&quot;:&quot;be30d43&quot;,&quot;jet_parallax_layout_image_tablet&quot;:{&quot;url&quot;:&quot;&quot;,&quot;id&quot;:&quot;&quot;,&quot;size&quot;:&quot;&quot;},&quot;jet_parallax_layout_image_mobile&quot;:{&quot;url&quot;:&quot;&quot;,&quot;id&quot;:&quot;&quot;,&quot;size&quot;:&quot;&quot;},&quot;jet_parallax_layout_speed&quot;:{&quot;unit&quot;:&quot;%&quot;,&quot;size&quot;:50,&quot;sizes&quot;:[]},&quot;jet_parallax_layout_type&quot;:&quot;scroll&quot;,&quot;jet_parallax_layout_z_index&quot;:&quot;&quot;,&quot;jet_parallax_layout_bg_x&quot;:50,&quot;jet_parallax_layout_bg_y&quot;:50,&quot;jet_parallax_layout_bg_size&quot;:&quot;auto&quot;,&quot;jet_parallax_layout_animation_prop&quot;:&quot;transform&quot;,&quot;jet_parallax_layout_on&quot;:[&quot;desktop&quot;,&quot;tablet&quot;],&quot;jet_parallax_layout_direction&quot;:&quot;1&quot;,&quot;jet_parallax_layout_fx_direction&quot;:null,&quot;jet_parallax_layout_bg_x_tablet&quot;:&quot;&quot;,&quot;jet_parallax_layout_bg_x_mobile&quot;:&quot;&quot;,&quot;jet_parallax_layout_bg_y_tablet&quot;:&quot;&quot;,&quot;jet_parallax_layout_bg_y_mobile&quot;:&quot;&quot;,&quot;jet_parallax_layout_bg_size_tablet&quot;:&quot;&quot;,&quot;jet_parallax_layout_bg_size_mobile&quot;:&quot;&quot;}]}\">\n\t\t\t\t\t\t<div class=\"elementor-container elementor-column-gap-default\">\n\t\t\t\t\t<div class=\"elementor-column elementor-col-100 elementor-top-column elementor-element elementor-element-bb939a6\" data-id=\"bb939a6\" data-element_type=\"column\" data-e-type=\"column\">\n\t\t\t<div class=\"elementor-widget-wrap elementor-element-populated\">\n\t\t\t\t\t\t<div class=\"elementor-element elementor-element-dd14393 elementor-widget elementor-widget-text-editor\" data-id=\"dd14393\" data-element_type=\"widget\" data-e-type=\"widget\" data-widget_type=\"text-editor.default\">\n\t\t\t\t<div class=\"elementor-widget-container\">\n\t\t\t\t\t\t\t\t\t<p><strong>ENTREGA TOTAL A LA ORACION, A LA MEDITACION Y A LA CONTEMPLACION DE LOS MISTERIOS DE DIOS<\/strong><\/p>\n<p>Quienes movidos por Dios abrazan la vida contemplativa dentro de nuestra familia religiosa , consagraron sus vidas a contemplar y a vivir el misterio del Verbo Encarnado , especialmente en la m\u00e1xima expresi\u00f3n de su anonadamiento que es la cruz. Invitados a retirarse en el desierto: Venid vosotros a un lugar desierto (Mc 6,31), lo dejar\u00e1n todo por \u00c9l, tomar\u00e1n su cruz y lo seguir\u00e1n porque \u00c9l mismo ha dicho: Si alguno quiere venir en pos de m\u00ed, ni\u00e9guese a s\u00ed mismo, tome su cruz y s\u00edgame (Mt 16,24).<\/p>\n<p>\u201cMovido por la fe en el misterio de la comuni\u00f3n de los santos, el monje imitar\u00e1 a Cristo orante, y se ofrecer\u00e1 a Dios para que por \u00e9l todos los miembros de la Iglesia crezcan en santidad, reparando por los pecados propios, los de los dem\u00e1s miembros del Instituto y de todo el mundo, pidiendo el perd\u00f3n y la misericordia sobre todos\u201d.<\/p>\n<p>Los monasterios deber\u00e1n ser vanguardia de nuestro Instituto y guardianes de su esp\u00edritu, mostrando a todos la primac\u00eda del amor a Dios y el valor de las virtudes mortificativas del silencio, penitencia, obediencia, sacrificio y amor oblativo.<\/p>\n<p>Oraci\u00f3n, formaci\u00f3n, silencio, celda, vida comunitaria son elementos esenciales de la vida de un monasterio.<\/p>\n<p><strong>MAESTRO DE ORACI\u00d3N<\/strong><\/p>\n<p>El monje deber\u00e1 ser no s\u00f3lo un hombre de oraci\u00f3n, sino tambi\u00e9n maestro de oraci\u00f3n para aquellos que deseen crecer en este medio de uni\u00f3n con Dios y pidan lo que los disc\u00edpulos le pidieron al Se\u00f1or: ens\u00e9\u00f1anos a orar (Lc 11, 1).<\/p>\n<p>La vida contemplativa no se puede sostener sino con una profunda vida de oraci\u00f3n lit\u00fargica, por lo que los monjes se ejercitar\u00e1n especialmente en ella, ya que: \u201csus oraciones -sobre todo la participaci\u00f3n del Sacrificio de Cristo en la Eucarist\u00eda y la celebraci\u00f3n del Oficio Divino- son la realizaci\u00f3n del oficio preclar\u00edsimo, propio de la Iglesia, en cuanto comunidad de orantes, es decir, la glorificaci\u00f3n de Dios\u201d4.<\/p>\n<p>Cada monasterio tiene una intensi\u00f3n particular dada por el Instituto por la cual ofrecer principalmente sus oraciones.<\/p>\n<p><strong>EVANGELIZANDO LA CULTURA<\/strong><\/p>\n<p>Cristo dijo: Yo soy la verdad (Jn 14,6). Pero seguir a Cristo como Verdad significa aplicar la inteligencia para m\u00e1s conocerlo, lo cual tendr\u00e1 que ser en el disc\u00edpulo algo permanente, pues la riqueza que se encuentra en Cristo es inagotable. Este es el fundamento de la formaci\u00f3n intelectual de los monjes.<\/p>\n<p>Hist\u00f3ricamente fueron los monasterios quienes salvaron para la Humanidad todo lo m\u00e1s importante de cuanto el esp\u00edritu humano hab\u00eda producido a trav\u00e9s de los siglos; constituy\u00e9ndose, adem\u00e1s, en fuentes de cultura al ense\u00f1ar dentro de sus muros las obras de los Padres, las de autores profanos griegos y latinos, la ciencia y las artes liberales como la pintura, m\u00fasica, etc. As\u00ed pues, en los monasterios se desarrollar\u00e1n actividades culturales que contribuyan al fin propio del mismo -la uni\u00f3n con Dios-, y el fin del Instituto -la evangelizaci\u00f3n de la cultura-5<\/p>\n<p>Por eso, en orden a nuestro fin espec\u00edfico, se aplicar\u00e1n de un modo serio al estudio, ya que la evangelizaci\u00f3n de la cultura \u201cexige una fe esclarecida por la reflexi\u00f3n continua&#8230; y un discernimiento espiritual constante procurado en la oraci\u00f3n\u201d6. Recuerden a todos y se\u00f1alen con su modo de vida la importancia de todo tiempo de formaci\u00f3n, es decir, la especial necesidad de la contemplaci\u00f3n y del estudio para la evangelizaci\u00f3n de la cultura.<\/p>\n<p><strong>TRABAJO<\/strong><\/p>\n<p>Cristo al asumir todo lo humano quiso someterse a esta ley del trabajo. La obra de la salvaci\u00f3n se ha realizado por el sufrimiento y la muerte en la cruz, de modo que el trabajo adquiere por esto una nueva significaci\u00f3n, un nuevo sentido. \u201cCon Cristo se nos revela que, soportando la fatiga del trabajo en uni\u00f3n con \u00c9l, crucificado por nosotros, el hombre colabora en cierto modo con el Hijo de Dios en la Redenci\u00f3n de la Humanidad\u201d9. Ese \u201crudo combate diario, humildemente aceptado, se convierte en redentor, a imitaci\u00f3n del trabajo de Jes\u00fas en Nazaret. Bajo esta luz, el esc\u00e1ndalo del sufrimiento del trabajo se transforma en acto de ofrenda\u201d10.<\/p>\n<p>El religioso que se propone imitar a Cristo deber\u00e1, por tanto, dedicar al trabajo una parte importante de su vida; dar\u00e1 as\u00ed testimonio frente al mundo de su seguimiento total del Salvador. El trabajo, pues, ha de ser verdadero medio de contemplaci\u00f3n.<\/p>\n<p><strong>MONASTERIOS EN TIERRAS DE MISI\u00d3N<\/strong><\/p>\n<p>\u201cLa vida contemplativa pertenece a la plenitud de presencia de la Iglesia&#8230; (y) por ello es necesario establecerla en todas las Iglesias nuevas\u201d, dando \u201cpreclaro testimonio entre los no cristianos de la majestad y de la caridad de Dios, as\u00ed como de uni\u00f3n en Cristo\u201d12. Por tanto, \u201c&#8230;los monjes&#8230; no han de ser considerados como ajenos al mundo y a la Iglesia, por el hecho de estar separados de los dem\u00e1s hombres; por el contrario, est\u00e1n presentes all\u00ed, \u201cde una manera m\u00e1s profunda en las entra\u00f1as de Cristo\u201d ya que todos somos una cosa en Cristo (cf. 1 Cor 10,17; Jn 17,20-22)\u201d.<\/p>\n\t\t\t\t\t\t\t\t<\/div>\n\t\t\t\t<\/div>\n\t\t\t\t\t<\/div>\n\t\t<\/div>\n\t\t\t\t\t<\/div>\n\t\t<\/section>\n\t\t\t\t<section class=\"elementor-section elementor-inner-section elementor-element elementor-element-5eb713f elementor-section-boxed elementor-section-height-default elementor-section-height-default\" data-id=\"5eb713f\" data-element_type=\"section\" data-e-type=\"section\" data-settings=\"{&quot;jet_parallax_layout_list&quot;:[{&quot;jet_parallax_layout_image&quot;:{&quot;url&quot;:&quot;&quot;,&quot;id&quot;:&quot;&quot;,&quot;size&quot;:&quot;&quot;},&quot;_id&quot;:&quot;6d9ea6a&quot;,&quot;jet_parallax_layout_image_tablet&quot;:{&quot;url&quot;:&quot;&quot;,&quot;id&quot;:&quot;&quot;,&quot;size&quot;:&quot;&quot;},&quot;jet_parallax_layout_image_mobile&quot;:{&quot;url&quot;:&quot;&quot;,&quot;id&quot;:&quot;&quot;,&quot;size&quot;:&quot;&quot;},&quot;jet_parallax_layout_speed&quot;:{&quot;unit&quot;:&quot;%&quot;,&quot;size&quot;:50,&quot;sizes&quot;:[]},&quot;jet_parallax_layout_type&quot;:&quot;scroll&quot;,&quot;jet_parallax_layout_z_index&quot;:&quot;&quot;,&quot;jet_parallax_layout_bg_x&quot;:50,&quot;jet_parallax_layout_bg_y&quot;:50,&quot;jet_parallax_layout_bg_size&quot;:&quot;auto&quot;,&quot;jet_parallax_layout_animation_prop&quot;:&quot;transform&quot;,&quot;jet_parallax_layout_on&quot;:[&quot;desktop&quot;,&quot;tablet&quot;],&quot;jet_parallax_layout_direction&quot;:&quot;1&quot;,&quot;jet_parallax_layout_fx_direction&quot;:null,&quot;jet_parallax_layout_bg_x_tablet&quot;:&quot;&quot;,&quot;jet_parallax_layout_bg_x_mobile&quot;:&quot;&quot;,&quot;jet_parallax_layout_bg_y_tablet&quot;:&quot;&quot;,&quot;jet_parallax_layout_bg_y_mobile&quot;:&quot;&quot;,&quot;jet_parallax_layout_bg_size_tablet&quot;:&quot;&quot;,&quot;jet_parallax_layout_bg_size_mobile&quot;:&quot;&quot;}]}\">\n\t\t\t\t\t\t<div class=\"elementor-container elementor-column-gap-default\">\n\t\t\t\t\t<div class=\"elementor-column elementor-col-33 elementor-inner-column elementor-element elementor-element-ead2f90\" data-id=\"ead2f90\" data-element_type=\"column\" data-e-type=\"column\">\n\t\t\t<div class=\"elementor-widget-wrap elementor-element-populated\">\n\t\t\t\t\t\t<div class=\"elementor-element elementor-element-f4948a8 elementor-widget elementor-widget-image\" data-id=\"f4948a8\" data-element_type=\"widget\" data-e-type=\"widget\" data-widget_type=\"image.default\">\n\t\t\t\t<div class=\"elementor-widget-container\">\n\t\t\t\t\t\t\t\t\t\t\t\t\t\t\t<img loading=\"lazy\" decoding=\"async\" width=\"540\" height=\"304\" src=\"https:\/\/iveinarabic.org\/wp-content\/uploads\/2019\/08\/4-1.jpg\" class=\"attachment-large size-large wp-image-3147\" alt=\"\" srcset=\"https:\/\/iveinarabic.org\/wp-content\/uploads\/2019\/08\/4-1.jpg 540w, https:\/\/iveinarabic.org\/wp-content\/uploads\/2019\/08\/4-1-300x169.jpg 300w\" sizes=\"(max-width: 540px) 100vw, 540px\" \/>\t\t\t\t\t\t\t\t\t\t\t\t\t\t\t<\/div>\n\t\t\t\t<\/div>\n\t\t\t\t\t<\/div>\n\t\t<\/div>\n\t\t\t\t<div class=\"elementor-column elementor-col-33 elementor-inner-column elementor-element elementor-element-c7ff5bb\" data-id=\"c7ff5bb\" data-element_type=\"column\" data-e-type=\"column\">\n\t\t\t<div class=\"elementor-widget-wrap elementor-element-populated\">\n\t\t\t\t\t\t<div class=\"elementor-element elementor-element-acf4133 elementor-widget elementor-widget-image\" data-id=\"acf4133\" data-element_type=\"widget\" data-e-type=\"widget\" data-widget_type=\"image.default\">\n\t\t\t\t<div class=\"elementor-widget-container\">\n\t\t\t\t\t\t\t\t\t\t\t\t\t\t\t<img loading=\"lazy\" decoding=\"async\" width=\"540\" height=\"304\" src=\"https:\/\/iveinarabic.org\/wp-content\/uploads\/2019\/08\/5-1.jpg\" class=\"attachment-large size-large wp-image-3148\" alt=\"\" srcset=\"https:\/\/iveinarabic.org\/wp-content\/uploads\/2019\/08\/5-1.jpg 540w, https:\/\/iveinarabic.org\/wp-content\/uploads\/2019\/08\/5-1-300x169.jpg 300w\" sizes=\"(max-width: 540px) 100vw, 540px\" \/>\t\t\t\t\t\t\t\t\t\t\t\t\t\t\t<\/div>\n\t\t\t\t<\/div>\n\t\t\t\t\t<\/div>\n\t\t<\/div>\n\t\t\t\t<div class=\"elementor-column elementor-col-33 elementor-inner-column elementor-element elementor-element-c0360b5\" data-id=\"c0360b5\" data-element_type=\"column\" data-e-type=\"column\">\n\t\t\t<div class=\"elementor-widget-wrap elementor-element-populated\">\n\t\t\t\t\t\t<div class=\"elementor-element elementor-element-30f28cb elementor-widget elementor-widget-image\" data-id=\"30f28cb\" data-element_type=\"widget\" data-e-type=\"widget\" data-widget_type=\"image.default\">\n\t\t\t\t<div class=\"elementor-widget-container\">\n\t\t\t\t\t\t\t\t\t\t\t\t\t\t\t<img loading=\"lazy\" decoding=\"async\" width=\"540\" height=\"304\" src=\"https:\/\/iveinarabic.org\/wp-content\/uploads\/2019\/08\/6-1.jpg\" class=\"attachment-large size-large wp-image-3149\" alt=\"\" srcset=\"https:\/\/iveinarabic.org\/wp-content\/uploads\/2019\/08\/6-1.jpg 540w, https:\/\/iveinarabic.org\/wp-content\/uploads\/2019\/08\/6-1-300x169.jpg 300w\" sizes=\"(max-width: 540px) 100vw, 540px\" \/>\t\t\t\t\t\t\t\t\t\t\t\t\t\t\t<\/div>\n\t\t\t\t<\/div>\n\t\t\t\t\t<\/div>\n\t\t<\/div>\n\t\t\t\t\t<\/div>\n\t\t<\/section>\n\t\t\t\t<\/div>\n\t\t","protected":false},"excerpt":{"rendered":"<p>ENTREGA TOTAL A LA ORACION, A LA MEDITACION Y A LA CONTEMPLACION DE LOS MISTERIOS DE DIOS Quienes movidos por Dios abrazan la vida contemplativa dentro de nuestra familia religiosa , consagraron sus vidas a contemplar y a vivir el misterio del Verbo Encarnado , especialmente en la m\u00e1xima expresi\u00f3n de su anonadamiento que es [&hellip;]<\/p>\n","protected":false},"author":2,"featured_media":0,"parent":0,"menu_order":0,"comment_status":"closed","ping_status":"closed","template":"elementor_header_footer","meta":{"_acf_changed":false,"ocean_post_layout":"","ocean_both_sidebars_style":"","ocean_both_sidebars_content_width":0,"ocean_both_sidebars_sidebars_width":0,"ocean_sidebar":"0","ocean_second_sidebar":"0","ocean_disable_margins":"enable","ocean_add_body_class":"","ocean_shortcode_before_top_bar":"","ocean_shortcode_after_top_bar":"","ocean_shortcode_before_header":"","ocean_shortcode_after_header":"","ocean_has_shortcode":"","ocean_shortcode_after_title":"","ocean_shortcode_before_footer_widgets":"","ocean_shortcode_after_footer_widgets":"","ocean_shortcode_before_footer_bottom":"","ocean_shortcode_after_footer_bottom":"","ocean_display_top_bar":"default","ocean_display_header":"default","ocean_header_style":"","ocean_center_header_left_menu":"0","ocean_custom_header_template":"0","ocean_custom_logo":0,"ocean_custom_retina_logo":0,"ocean_custom_logo_max_width":0,"ocean_custom_logo_tablet_max_width":0,"ocean_custom_logo_mobile_max_width":0,"ocean_custom_logo_max_height":0,"ocean_custom_logo_tablet_max_height":0,"ocean_custom_logo_mobile_max_height":0,"ocean_header_custom_menu":"0","ocean_menu_typo_font_family":"0","ocean_menu_typo_font_subset":"","ocean_menu_typo_font_size":0,"ocean_menu_typo_font_size_tablet":0,"ocean_menu_typo_font_size_mobile":0,"ocean_menu_typo_font_size_unit":"px","ocean_menu_typo_font_weight":"","ocean_menu_typo_font_weight_tablet":"","ocean_menu_typo_font_weight_mobile":"","ocean_menu_typo_transform":"","ocean_menu_typo_transform_tablet":"","ocean_menu_typo_transform_mobile":"","ocean_menu_typo_line_height":0,"ocean_menu_typo_line_height_tablet":0,"ocean_menu_typo_line_height_mobile":0,"ocean_menu_typo_line_height_unit":"","ocean_menu_typo_spacing":0,"ocean_menu_typo_spacing_tablet":0,"ocean_menu_typo_spacing_mobile":0,"ocean_menu_typo_spacing_unit":"","ocean_menu_link_color":"","ocean_menu_link_color_hover":"","ocean_menu_link_color_active":"","ocean_menu_link_background":"","ocean_menu_link_hover_background":"","ocean_menu_link_active_background":"","ocean_menu_social_links_bg":"","ocean_menu_social_hover_links_bg":"","ocean_menu_social_links_color":"","ocean_menu_social_hover_links_color":"","ocean_disable_title":"default","ocean_disable_heading":"default","ocean_post_title":"","ocean_post_subheading":"","ocean_post_title_style":"","ocean_post_title_background_color":"","ocean_post_title_background":0,"ocean_post_title_bg_image_position":"","ocean_post_title_bg_image_attachment":"","ocean_post_title_bg_image_repeat":"","ocean_post_title_bg_image_size":"","ocean_post_title_height":0,"ocean_post_title_bg_overlay":0.5,"ocean_post_title_bg_overlay_color":"","ocean_disable_breadcrumbs":"default","ocean_breadcrumbs_color":"","ocean_breadcrumbs_separator_color":"","ocean_breadcrumbs_links_color":"","ocean_breadcrumbs_links_hover_color":"","ocean_display_footer_widgets":"default","ocean_display_footer_bottom":"default","ocean_custom_footer_template":"0","footnotes":""},"class_list":["post-3821","page","type-page","status-publish","hentry","entry"],"acf":[],"_links":{"self":[{"href":"https:\/\/iveinarabic.org\/es\/wp-json\/wp\/v2\/pages\/3821","targetHints":{"allow":["GET"]}}],"collection":[{"href":"https:\/\/iveinarabic.org\/es\/wp-json\/wp\/v2\/pages"}],"about":[{"href":"https:\/\/iveinarabic.org\/es\/wp-json\/wp\/v2\/types\/page"}],"author":[{"embeddable":true,"href":"https:\/\/iveinarabic.org\/es\/wp-json\/wp\/v2\/users\/2"}],"replies":[{"embeddable":true,"href":"https:\/\/iveinarabic.org\/es\/wp-json\/wp\/v2\/comments?post=3821"}],"version-history":[{"count":0,"href":"https:\/\/iveinarabic.org\/es\/wp-json\/wp\/v2\/pages\/3821\/revisions"}],"wp:attachment":[{"href":"https:\/\/iveinarabic.org\/es\/wp-json\/wp\/v2\/media?parent=3821"}],"curies":[{"name":"wp","href":"https:\/\/api.w.org\/{rel}","templated":true}]}}