{"id":4441,"date":"2019-11-19T08:43:07","date_gmt":"2019-11-19T08:43:07","guid":{"rendered":"https:\/\/www.iveinarabic.org\/san-tomas-de-aquino\/"},"modified":"2019-11-19T13:55:41","modified_gmt":"2019-11-19T13:55:41","slug":"san-tomas-de-aquino","status":"publish","type":"page","link":"https:\/\/iveinarabic.org\/es\/san-tomas-de-aquino\/","title":{"rendered":"San Tomas de Aquino"},"content":{"rendered":"\t\t<div data-elementor-type=\"wp-post\" data-elementor-id=\"4441\" class=\"elementor elementor-4441 elementor-1585\" data-elementor-post-type=\"page\">\n\t\t\t\t\t\t<section class=\"elementor-section elementor-top-section elementor-element elementor-element-c86ef89 elementor-section-full_width elementor-section-height-default elementor-section-height-default\" data-id=\"c86ef89\" data-element_type=\"section\" data-e-type=\"section\" data-settings=\"{&quot;jet_parallax_layout_list&quot;:[{&quot;jet_parallax_layout_image&quot;:{&quot;url&quot;:&quot;&quot;,&quot;id&quot;:&quot;&quot;,&quot;size&quot;:&quot;&quot;},&quot;_id&quot;:&quot;a856283&quot;,&quot;jet_parallax_layout_image_tablet&quot;:{&quot;url&quot;:&quot;&quot;,&quot;id&quot;:&quot;&quot;,&quot;size&quot;:&quot;&quot;},&quot;jet_parallax_layout_image_mobile&quot;:{&quot;url&quot;:&quot;&quot;,&quot;id&quot;:&quot;&quot;,&quot;size&quot;:&quot;&quot;},&quot;jet_parallax_layout_speed&quot;:{&quot;unit&quot;:&quot;%&quot;,&quot;size&quot;:50,&quot;sizes&quot;:[]},&quot;jet_parallax_layout_type&quot;:&quot;scroll&quot;,&quot;jet_parallax_layout_z_index&quot;:&quot;&quot;,&quot;jet_parallax_layout_bg_x&quot;:50,&quot;jet_parallax_layout_bg_y&quot;:50,&quot;jet_parallax_layout_bg_size&quot;:&quot;auto&quot;,&quot;jet_parallax_layout_animation_prop&quot;:&quot;transform&quot;,&quot;jet_parallax_layout_on&quot;:[&quot;desktop&quot;,&quot;tablet&quot;],&quot;jet_parallax_layout_direction&quot;:&quot;1&quot;,&quot;jet_parallax_layout_fx_direction&quot;:null,&quot;jet_parallax_layout_bg_x_tablet&quot;:&quot;&quot;,&quot;jet_parallax_layout_bg_x_mobile&quot;:&quot;&quot;,&quot;jet_parallax_layout_bg_y_tablet&quot;:&quot;&quot;,&quot;jet_parallax_layout_bg_y_mobile&quot;:&quot;&quot;,&quot;jet_parallax_layout_bg_size_tablet&quot;:&quot;&quot;,&quot;jet_parallax_layout_bg_size_mobile&quot;:&quot;&quot;}]}\">\n\t\t\t\t\t\t<div class=\"elementor-container elementor-column-gap-default\">\n\t\t\t\t\t<div class=\"elementor-column elementor-col-100 elementor-top-column elementor-element elementor-element-9d3fab0\" data-id=\"9d3fab0\" data-element_type=\"column\" data-e-type=\"column\">\n\t\t\t<div class=\"elementor-widget-wrap elementor-element-populated\">\n\t\t\t\t\t\t<div class=\"elementor-element elementor-element-ebe0397 elementor-widget elementor-widget-jet-tabs\" data-id=\"ebe0397\" data-element_type=\"widget\" data-e-type=\"widget\" data-settings=\"{&quot;tabs_position&quot;:&quot;left&quot;,&quot;no_active_tabs&quot;:&quot;false&quot;}\" data-widget_type=\"jet-tabs.default\">\n\t\t\t\t<div class=\"elementor-widget-container\">\n\t\t\t\t\t\n\t\t<div class=\"jet-tabs jet-tabs-position-left jet-tabs-move-up-effect \" data-settings=\"{&quot;activeIndex&quot;:0,&quot;event&quot;:&quot;click&quot;,&quot;autoSwitch&quot;:false,&quot;autoSwitchDelay&quot;:3000,&quot;ajaxTemplate&quot;:false,&quot;tabsPosition&quot;:&quot;left&quot;,&quot;switchScrolling&quot;:false,&quot;switchScrollingOffset&quot;:0}\">\n\t\t\t<div class=\"jet-tabs__control-wrapper \" role=\"tablist\">\n                                    <div id=\"jet-tabs-control-2471\" class=\"jet-tabs__control jet-tabs__control-icon-left elementor-menu-anchor active-tab \" data-tab=\"1\" tabindex=\"0\" role=\"tab\" aria-controls=\"jet-tabs-content-2471\" aria-expanded=\"true\" data-template-id=\"false\"><div class=\"jet-tabs__control-inner\"><div class=\"jet-tabs__label-icon jet-tabs-icon\"><i class=\"fas fa-arrow-circle-right\"><\/i><\/div><div class=\"jet-tabs__label-text\">Su Vida<\/div><\/div><\/div><div id=\"jet-tabs-control-2472\" class=\"jet-tabs__control jet-tabs__control-icon-left elementor-menu-anchor  \" data-tab=\"2\" tabindex=\"0\" role=\"tab\" aria-controls=\"jet-tabs-content-2472\" aria-expanded=\"false\" data-template-id=\"false\"><div class=\"jet-tabs__control-inner\"><div class=\"jet-tabs__label-icon jet-tabs-icon\"><i class=\"fas fa-arrow-circle-right\"><\/i><\/div><div class=\"jet-tabs__label-text\">Sus Oraciones<\/div><\/div><\/div><div id=\"jet-tabs-control-2473\" class=\"jet-tabs__control jet-tabs__control-icon-left elementor-menu-anchor  \" data-tab=\"3\" tabindex=\"0\" role=\"tab\" aria-controls=\"jet-tabs-content-2473\" aria-expanded=\"false\" data-template-id=\"1090\"><div class=\"jet-tabs__control-inner\"><div class=\"jet-tabs__label-icon jet-tabs-icon\"><i class=\"fas fa-arrow-circle-right\"><\/i><\/div><div class=\"jet-tabs__label-text\">Sus Escritos<\/div><\/div><\/div>\n                    \t\t\t    <\/div>\n\t\t\t<div class=\"jet-tabs__content-wrapper\">\n\t\t\t\t<div id=\"jet-tabs-content-2471\" class=\"jet-tabs__content active-content\" data-tab=\"1\" role=\"tabpanel\" aria-hidden=\"false\" data-template-id=\"false\"><h1>La vida de Santo Tom\u00e1s<\/h1>\n<p><strong>Tom\u00e1s naci\u00f3 entre 1224 y 1225 en el castillo que su noble familia pose\u00eda en Roccasecca, cerca de la abad\u00eda de Montecassino<\/strong>, adonde fue enviado por sus padres para recibir los primeros elementos de su instrucci\u00f3n. Alg\u00fan a\u00f1o despu\u00e9s se traslad\u00f3 a la Universidad de N\u00e1poles. En aquellos a\u00f1os naci\u00f3 su vocaci\u00f3n dominica, a la que su familia se opuso, por lo que fue obligado a dejar el convento y a transcurrir alg\u00fan tiempo con su familia.<\/p>\n<p><strong>En 1245, ya mayor de edad, volvi\u00f3 con los dominicos. Fue enviado a Par\u00eds para estudiar teolog\u00eda con Alberto Magno, al que sigui\u00f3 a Colonia, donde profundiz\u00f3 en el pensamiento de Arist\u00f3teles.<\/strong>\u00a0En ese momento las obras de Arist\u00f3teles presentaban una visi\u00f3n completa del mundo llevada a cabo sin y antes de Cristo, con la pura raz\u00f3n, y parec\u00eda imponerse a la raz\u00f3n como \u201cla\u201d visi\u00f3n misma. Pero en la cultura cristiana, tambi\u00e9n hab\u00eda recelos hacia la misma.<\/p>\n<p>Tom\u00e1s de Aquino lo estudi\u00f3 a fondo, distinguiendo lo que era v\u00e1lido de lo que era dudoso o rechazable del todo, mostrando la concordancia con los datos de la Revelaci\u00f3n cristiana. As\u00ed, se\u00f1al\u00f3 que entre la fe cristiana y la raz\u00f3n subsiste una armon\u00eda natural. Esta es la gran obra de Tom\u00e1s, mostrar que fe y raz\u00f3n van juntas.<\/p>\n<p><strong>Por sus grandes dotes intelectuales, Tom\u00e1s fue llamado a Par\u00eds como profesor de teolog\u00eda en la c\u00e1tedra dominica. Aqu\u00ed comenz\u00f3 su enorme producci\u00f3n literaria, que prosigui\u00f3 hasta su muerte.<\/strong>\u00a0No permaneci\u00f3 durante mucho tiempo y de forma estable en Par\u00eds. Particip\u00f3 en Cap\u00edtulos Generales de los Dominicos, viaj\u00f3 por Italia, compuso textos lit\u00fargicos, residi\u00f3 en Roma, donde, probablemente, dirig\u00eda una Casa de Estudios de la Orden, y donde comenz\u00f3 a escribir su\u00a0SummaTheologiae.\u00a0Fue llamado de nuevo a Par\u00eds como profesor. All\u00ed los estudiantes estaban entusiasmados con sus lecciones, tanto que uno declar\u00f3 que \u201cescucharle era para \u00e9l una felicidad profunda\u201d. De all\u00ed volvi\u00f3 a N\u00e1poles.<\/p>\n<p>Adem\u00e1s del estudio y la ense\u00f1anza, Tom\u00e1s se dedic\u00f3 tambi\u00e9n a la predicaci\u00f3n. Y tambi\u00e9n el pueblo iba de buen grado a escucharle.<\/p>\n<p>Los \u00faltimos meses de su vida permanecen rodeados de una atm\u00f3sfera misteriosa. En diciembre de 1273 llam\u00f3 a su amigo y secretario Reginaldo para comunicarle su decisi\u00f3n de interrumpir todo trabajo, porque a ra\u00edz de una revelaci\u00f3n sobrenatural, hab\u00eda comprendido que cuanto hab\u00eda escrito era solo \u201cun mont\u00f3n de paja\u201d. Esto pone de manifiesto no s\u00f3lo la humildad personal de Tom\u00e1s, sino tambi\u00e9n lo elevadas que son las cosas de la fe. Algo despu\u00e9s, cada vez m\u00e1s absorto en la meditaci\u00f3n, Tom\u00e1s muri\u00f3 mientras estaba de viaje hacia Lyon, en la Abad\u00eda cisterciense de Fossanova, tras haber recibido el Vi\u00e1tico con gran piedad.<\/p>\n<p>Un episodio recogido por sus bi\u00f3grafos resume lo central de su vida. Mientras estaba en oraci\u00f3n ante el crucifijo, una ma\u00f1ana temprano en la Capilla de san Nicol\u00e1s en N\u00e1poles, el sacrist\u00e1n de la iglesia escuch\u00f3 un di\u00e1logo.\u00a0<strong>Tom\u00e1s preguntaba, preocupado, si cuanto hab\u00eda escrito sobre los misterios de la fe cristiana era correcto. Y el Crucifijo respondi\u00f3: \u201cT\u00fa has hablado bien de m\u00ed, Tom\u00e1s. \u00bfCu\u00e1l ser\u00e1 tu recompensa?\u201d. Y su respuesta fue: \u201c\u00a1Nada m\u00e1s que a Ti, Se\u00f1or!\u201d.\u00a0<\/strong><\/p>\n<\/div><div id=\"jet-tabs-content-2472\" class=\"jet-tabs__content \" data-tab=\"2\" role=\"tabpanel\" aria-hidden=\"true\" data-template-id=\"false\"><p><span style=\"color: #ab2b2b;\"><strong>Oraci\u00f3n de Santo Tom\u00e1s de Aquino<\/strong><\/span><\/p>\n<p>Aqu\u00ed me llego, todopoderoso y eterno Dios, al sacramento de vuestro unig\u00e9nito Hijo mi Se\u00f1or Jesucristo, como enfermo al m\u00e9dico de la vida, como manchado a la fuente de misericordias, como ciego a la luz de la claridad eterna, como pobre y desvalido al Se\u00f1or de los cielos y tierra.<\/p>\n<p>Ruego, pues, a vuestra infinita bondad y misericordia, teng\u00e1is por bien sanar mi enfermedad, limpiar mi suciedad, alumbrar mi ceguedad, enriquecer mi pobreza y vestir mi desnudez, para que as\u00ed pueda yo recibir el Pan de los Angeles, al Rey de los Reyes, al Se\u00f1or de los se\u00f1ores, con tanta reverencia y humildad, con tanta contrici\u00f3n y devoci\u00f3n, con tal fe y tal pureza, y con tal prop\u00f3sito e intenci\u00f3n, cual conviene para la salud de mi alma.<\/p>\n<p>Dame, Se\u00f1or, que reciba yo, no s\u00f3lo el sacramento del Sacrat\u00edsimo Cuerpo y Sangre, sino tambi\u00e9n la virtud y gracia del sacramento !Oh benign\u00edsimo Dios!, concededme que albergue yo en mi coraz\u00f3n de tal modo el Cuerpo de vuestro unig\u00e9nito Hijo, nuestro Se\u00f1or Jesucristo, Cuerpo adorable que tom\u00f3 de la Virgen Mar\u00eda, que merezca incorporarme a su Cuerpo m\u00edstico, y contarme como a uno de sus miembros.<\/p>\n<p>!Oh piados\u00edsimo Padre!, otorgadme que este unig\u00e9nito Hijo vuestro, al cual deseo ahora recibir encubierto y debajo del velo en esta vida, merezca yo verle para siempre, descubierto y sin velo, en la otra. El cual con Vos vive y reina en unidad del Esp\u00edritu Santo, Dios, por los siglos de los siglos. Am\u00e9n.<\/p>\n<p><span style=\"color: #ab2b2b;\"><strong>Oraci\u00f3n para antes del estudio<\/strong><\/span><\/p>\n<p>Creador inefable, que de los tesoros de tu sabidur\u00eda formaste tres jerarqu\u00edas de \u00e1ngeles y con maravilloso orden las colocaste sobre el cielo emp\u00edreo, y distribuiste las partes del universo con suma elegancia.<\/p>\n<p>T\u00fa que eres la verdadera fuente de luz y sabidur\u00eda, y el soberano principio, d\u00edgnate infundir sobre las tinieblas de mi entendimiento un rayo de tu claridad, apartando de m\u00ed la doble oscuridad en que he nacido: el pecado y la ignorancia.\u00a0T\u00fa, que haces elocuentes las lenguas de los ni\u00f1os, instruye mi lengua e infunde en mis labios la gracia de tu bendici\u00f3n.<\/p>\n<p>Dame agudeza para entender, capacidad para retener, m\u00e9todo y facilidad para aprender, sutileza para interpretar, y gracia copiosa para hablar. Dame acierto al empezar, direcci\u00f3n al progresar y perfecci\u00f3n al terminar.<br \/>\nAm\u00e9n.<\/p>\n<p><span style=\"color: #ab2b2b;\"><strong>Oraci\u00f3n para liberarnos de ataduras en el Amor<\/strong><\/span><\/p>\n<p>Gracias de doy, Se\u00f1or Santo, Padre todopoderoso, Perd\u00f3n sea armadura de mi fe, escudo de mi voluntad, muerte de todos mis vicios, exterminio de todos mis carnales apetitos, y aumento de caridad, paciencia y verdadera humildad, y de todas las virtudes:<\/p>\n<p>sea perfecto sosiego de mi cuerpo y de mi esp\u00edritu, firme defensa contra todos mis enemigos visibles e invisibles, perpetua uni\u00f3n contigo, \u00fanico y verdadero Dios, y sello de mi muerte dichosa.<\/p>\n<p>Dios eterno, porque a m\u00ed, pecador, indigno siervo tuyo, sin m\u00e9rito alguno de mi parte, sino por pura concesi\u00f3n de tu misericordia, te has dignado alimentarme con el precioso Cuerpo y Sangre de tu Unig\u00e9nito Hijo mi Se\u00f1or Jesucristo.<\/p>\n<p>Supl\u00edcate, que esta Sagrada Comuni\u00f3n no me sea ocasi\u00f3n de castigo, sino intercesi\u00f3n saludable para \u00e9l.<\/p>\n<p>Ruego, que tengas por bien llevar a este pecador a aquel convite inefable, donde T\u00fa, con tu Hijo y el Esp\u00edritu Santo, eres para tus santos luz verdadera, satisfacci\u00f3n cumplida, gozo perdurable, dicha consumada y felicidad perfecta. Por el mismo Cristo Nuestro Se\u00f1or. Am\u00e9n.<\/p>\n<\/div><div id=\"jet-tabs-content-2473\" class=\"jet-tabs__content \" data-tab=\"3\" role=\"tabpanel\" aria-hidden=\"true\" data-template-id=\"1090\">\t\t<div data-elementor-type=\"section\" data-elementor-id=\"1090\" class=\"elementor elementor-1090\" data-elementor-post-type=\"elementor_library\">\n\t\t\t\t\t<section class=\"elementor-section elementor-top-section elementor-element elementor-element-a0e4543 elementor-section-boxed elementor-section-height-default elementor-section-height-default\" data-id=\"a0e4543\" data-element_type=\"section\" data-e-type=\"section\" data-settings=\"{&quot;jet_parallax_layout_list&quot;:[{&quot;jet_parallax_layout_image&quot;:{&quot;url&quot;:&quot;&quot;,&quot;id&quot;:&quot;&quot;,&quot;size&quot;:&quot;&quot;},&quot;_id&quot;:&quot;98b3b87&quot;,&quot;jet_parallax_layout_image_tablet&quot;:{&quot;url&quot;:&quot;&quot;,&quot;id&quot;:&quot;&quot;,&quot;size&quot;:&quot;&quot;},&quot;jet_parallax_layout_image_mobile&quot;:{&quot;url&quot;:&quot;&quot;,&quot;id&quot;:&quot;&quot;,&quot;size&quot;:&quot;&quot;},&quot;jet_parallax_layout_speed&quot;:{&quot;unit&quot;:&quot;%&quot;,&quot;size&quot;:50,&quot;sizes&quot;:[]},&quot;jet_parallax_layout_type&quot;:&quot;scroll&quot;,&quot;jet_parallax_layout_z_index&quot;:&quot;&quot;,&quot;jet_parallax_layout_bg_x&quot;:50,&quot;jet_parallax_layout_bg_y&quot;:50,&quot;jet_parallax_layout_bg_size&quot;:&quot;auto&quot;,&quot;jet_parallax_layout_animation_prop&quot;:&quot;transform&quot;,&quot;jet_parallax_layout_on&quot;:[&quot;desktop&quot;,&quot;tablet&quot;],&quot;jet_parallax_layout_direction&quot;:&quot;1&quot;,&quot;jet_parallax_layout_fx_direction&quot;:null,&quot;jet_parallax_layout_bg_x_tablet&quot;:&quot;&quot;,&quot;jet_parallax_layout_bg_x_mobile&quot;:&quot;&quot;,&quot;jet_parallax_layout_bg_y_tablet&quot;:&quot;&quot;,&quot;jet_parallax_layout_bg_y_mobile&quot;:&quot;&quot;,&quot;jet_parallax_layout_bg_size_tablet&quot;:&quot;&quot;,&quot;jet_parallax_layout_bg_size_mobile&quot;:&quot;&quot;}]}\">\n\t\t\t\t\t\t<div class=\"elementor-container elementor-column-gap-default\">\n\t\t\t\t\t<div class=\"elementor-column elementor-col-100 elementor-top-column elementor-element elementor-element-7fabb08\" data-id=\"7fabb08\" data-element_type=\"column\" data-e-type=\"column\">\n\t\t\t<div class=\"elementor-widget-wrap elementor-element-populated\">\n\t\t\t\t\t\t<div class=\"elementor-element elementor-element-c7d6f84 elementor-widget elementor-widget-jet-listing-grid\" data-id=\"c7d6f84\" data-element_type=\"widget\" data-e-type=\"widget\" data-settings=\"{&quot;columns&quot;:&quot;5&quot;}\" data-widget_type=\"jet-listing-grid.default\">\n\t\t\t\t<div class=\"elementor-widget-container\">\n\t\t\t\t\t<div class=\"jet-listing-grid jet-listing\"><div class=\"jet-listing-not-found jet-listing-grid__items\" data-nav=\"{&quot;enabled&quot;:false,&quot;type&quot;:null,&quot;more_el&quot;:null,&quot;query&quot;:[],&quot;widget_settings&quot;:{&quot;lisitng_id&quot;:1734,&quot;posts_num&quot;:6,&quot;columns&quot;:5,&quot;columns_tablet&quot;:5,&quot;columns_mobile&quot;:5,&quot;column_min_width&quot;:240,&quot;column_min_width_tablet&quot;:240,&quot;column_min_width_mobile&quot;:240,&quot;inline_columns_css&quot;:false,&quot;is_archive_template&quot;:&quot;&quot;,&quot;post_status&quot;:[&quot;publish&quot;],&quot;use_random_posts_num&quot;:&quot;&quot;,&quot;max_posts_num&quot;:9,&quot;not_found_message&quot;:&quot;No data was found&quot;,&quot;is_masonry&quot;:false,&quot;equal_columns_height&quot;:&quot;&quot;,&quot;use_load_more&quot;:&quot;&quot;,&quot;load_more_id&quot;:&quot;&quot;,&quot;load_more_type&quot;:&quot;click&quot;,&quot;load_more_offset&quot;:{&quot;unit&quot;:&quot;px&quot;,&quot;size&quot;:0,&quot;sizes&quot;:[]},&quot;use_custom_post_types&quot;:&quot;&quot;,&quot;custom_post_types&quot;:[],&quot;hide_widget_if&quot;:&quot;&quot;,&quot;carousel_enabled&quot;:&quot;&quot;,&quot;slides_to_scroll&quot;:&quot;1&quot;,&quot;arrows&quot;:&quot;true&quot;,&quot;arrow_icon&quot;:&quot;fa fa-angle-left&quot;,&quot;dots&quot;:&quot;&quot;,&quot;autoplay&quot;:&quot;true&quot;,&quot;pause_on_hover&quot;:&quot;true&quot;,&quot;autoplay_speed&quot;:5000,&quot;infinite&quot;:&quot;true&quot;,&quot;center_mode&quot;:&quot;&quot;,&quot;effect&quot;:&quot;slide&quot;,&quot;speed&quot;:500,&quot;inject_alternative_items&quot;:&quot;&quot;,&quot;injection_items&quot;:[],&quot;scroll_slider_enabled&quot;:&quot;&quot;,&quot;scroll_slider_on&quot;:[&quot;desktop&quot;,&quot;tablet&quot;,&quot;mobile&quot;],&quot;custom_query&quot;:false,&quot;custom_query_id&quot;:&quot;&quot;,&quot;_element_id&quot;:&quot;&quot;,&quot;collapse_first_last_gap&quot;:false,&quot;list_tag_selection&quot;:&quot;&quot;,&quot;list_items_wrapper_tag&quot;:&quot;div&quot;,&quot;list_item_tag&quot;:&quot;div&quot;,&quot;empty_items_wrapper_tag&quot;:&quot;div&quot;}}\" data-listing-source=\"posts\" data-listing-id=\"1734\" data-query-id=\"\" data-queried-id=\"4441|WP_Post\">No data was found<\/div><\/div>\t\t\t\t<\/div>\n\t\t\t\t<\/div>\n\t\t\t\t\t<\/div>\n\t\t<\/div>\n\t\t\t\t\t<\/div>\n\t\t<\/section>\n\t\t\t\t<\/div>\n\t\t<\/div>\t\t\t<\/div>\n\t\t\t\t\t<\/div>\n\t\t\t\t\t\t<\/div>\n\t\t\t\t<\/div>\n\t\t\t\t\t<\/div>\n\t\t<\/div>\n\t\t\t\t\t<\/div>\n\t\t<\/section>\n\t\t\t\t<\/div>\n\t\t","protected":false},"excerpt":{"rendered":"<p>Su VidaSus OracionesSus Escritos La vida de Santo Tom\u00e1s Tom\u00e1s naci\u00f3 entre 1224 y 1225 en el castillo que su noble familia pose\u00eda en Roccasecca, cerca de la abad\u00eda de Montecassino, adonde fue enviado por sus padres para recibir los primeros elementos de su instrucci\u00f3n. Alg\u00fan a\u00f1o despu\u00e9s se traslad\u00f3 a la Universidad de N\u00e1poles. [&hellip;]<\/p>\n","protected":false},"author":2,"featured_media":0,"parent":0,"menu_order":0,"comment_status":"closed","ping_status":"closed","template":"elementor_header_footer","meta":{"_acf_changed":false,"ocean_post_layout":"","ocean_both_sidebars_style":"","ocean_both_sidebars_content_width":0,"ocean_both_sidebars_sidebars_width":0,"ocean_sidebar":"0","ocean_second_sidebar":"0","ocean_disable_margins":"enable","ocean_add_body_class":"","ocean_shortcode_before_top_bar":"","ocean_shortcode_after_top_bar":"","ocean_shortcode_before_header":"","ocean_shortcode_after_header":"","ocean_has_shortcode":"","ocean_shortcode_after_title":"","ocean_shortcode_before_footer_widgets":"","ocean_shortcode_after_footer_widgets":"","ocean_shortcode_before_footer_bottom":"","ocean_shortcode_after_footer_bottom":"","ocean_display_top_bar":"default","ocean_display_header":"default","ocean_header_style":"","ocean_center_header_left_menu":"0","ocean_custom_header_template":"0","ocean_custom_logo":0,"ocean_custom_retina_logo":0,"ocean_custom_logo_max_width":0,"ocean_custom_logo_tablet_max_width":0,"ocean_custom_logo_mobile_max_width":0,"ocean_custom_logo_max_height":0,"ocean_custom_logo_tablet_max_height":0,"ocean_custom_logo_mobile_max_height":0,"ocean_header_custom_menu":"0","ocean_menu_typo_font_family":"0","ocean_menu_typo_font_subset":"","ocean_menu_typo_font_size":0,"ocean_menu_typo_font_size_tablet":0,"ocean_menu_typo_font_size_mobile":0,"ocean_menu_typo_font_size_unit":"px","ocean_menu_typo_font_weight":"","ocean_menu_typo_font_weight_tablet":"","ocean_menu_typo_font_weight_mobile":"","ocean_menu_typo_transform":"","ocean_menu_typo_transform_tablet":"","ocean_menu_typo_transform_mobile":"","ocean_menu_typo_line_height":0,"ocean_menu_typo_line_height_tablet":0,"ocean_menu_typo_line_height_mobile":0,"ocean_menu_typo_line_height_unit":"","ocean_menu_typo_spacing":0,"ocean_menu_typo_spacing_tablet":0,"ocean_menu_typo_spacing_mobile":0,"ocean_menu_typo_spacing_unit":"","ocean_menu_link_color":"","ocean_menu_link_color_hover":"","ocean_menu_link_color_active":"","ocean_menu_link_background":"","ocean_menu_link_hover_background":"","ocean_menu_link_active_background":"","ocean_menu_social_links_bg":"","ocean_menu_social_hover_links_bg":"","ocean_menu_social_links_color":"","ocean_menu_social_hover_links_color":"","ocean_disable_title":"default","ocean_disable_heading":"default","ocean_post_title":"","ocean_post_subheading":"","ocean_post_title_style":"","ocean_post_title_background_color":"","ocean_post_title_background":0,"ocean_post_title_bg_image_position":"","ocean_post_title_bg_image_attachment":"","ocean_post_title_bg_image_repeat":"","ocean_post_title_bg_image_size":"","ocean_post_title_height":0,"ocean_post_title_bg_overlay":0.5,"ocean_post_title_bg_overlay_color":"","ocean_disable_breadcrumbs":"default","ocean_breadcrumbs_color":"","ocean_breadcrumbs_separator_color":"","ocean_breadcrumbs_links_color":"","ocean_breadcrumbs_links_hover_color":"","ocean_display_footer_widgets":"default","ocean_display_footer_bottom":"default","ocean_custom_footer_template":"0","footnotes":""},"class_list":["post-4441","page","type-page","status-publish","hentry","entry"],"acf":[],"_links":{"self":[{"href":"https:\/\/iveinarabic.org\/es\/wp-json\/wp\/v2\/pages\/4441","targetHints":{"allow":["GET"]}}],"collection":[{"href":"https:\/\/iveinarabic.org\/es\/wp-json\/wp\/v2\/pages"}],"about":[{"href":"https:\/\/iveinarabic.org\/es\/wp-json\/wp\/v2\/types\/page"}],"author":[{"embeddable":true,"href":"https:\/\/iveinarabic.org\/es\/wp-json\/wp\/v2\/users\/2"}],"replies":[{"embeddable":true,"href":"https:\/\/iveinarabic.org\/es\/wp-json\/wp\/v2\/comments?post=4441"}],"version-history":[{"count":0,"href":"https:\/\/iveinarabic.org\/es\/wp-json\/wp\/v2\/pages\/4441\/revisions"}],"wp:attachment":[{"href":"https:\/\/iveinarabic.org\/es\/wp-json\/wp\/v2\/media?parent=4441"}],"curies":[{"name":"wp","href":"https:\/\/api.w.org\/{rel}","templated":true}]}}