{"id":4443,"date":"2019-11-19T08:48:17","date_gmt":"2019-11-19T08:48:17","guid":{"rendered":"https:\/\/www.iveinarabic.org\/sacerdotes-y-religiosos-del-verbo-incarnado\/"},"modified":"2019-11-19T08:48:18","modified_gmt":"2019-11-19T08:48:18","slug":"sacerdotes-y-religiosos-del-verbo-incarnado","status":"publish","type":"page","link":"https:\/\/iveinarabic.org\/es\/sacerdotes-y-religiosos-del-verbo-incarnado\/","title":{"rendered":"Sacerdotes y Religiosos del Verbo Incarnado"},"content":{"rendered":"\t\t<div data-elementor-type=\"wp-post\" data-elementor-id=\"4443\" class=\"elementor elementor-4443 elementor-250\" data-elementor-post-type=\"page\">\n\t\t\t\t\t\t<section class=\"elementor-section elementor-top-section elementor-element elementor-element-3a4e921 elementor-section-boxed elementor-section-height-default elementor-section-height-default\" data-id=\"3a4e921\" data-element_type=\"section\" data-e-type=\"section\" data-settings=\"{&quot;jet_parallax_layout_list&quot;:[{&quot;jet_parallax_layout_image&quot;:{&quot;url&quot;:&quot;&quot;,&quot;id&quot;:&quot;&quot;,&quot;size&quot;:&quot;&quot;},&quot;_id&quot;:&quot;f0f5da4&quot;,&quot;jet_parallax_layout_image_tablet&quot;:{&quot;url&quot;:&quot;&quot;,&quot;id&quot;:&quot;&quot;,&quot;size&quot;:&quot;&quot;},&quot;jet_parallax_layout_image_mobile&quot;:{&quot;url&quot;:&quot;&quot;,&quot;id&quot;:&quot;&quot;,&quot;size&quot;:&quot;&quot;},&quot;jet_parallax_layout_speed&quot;:{&quot;unit&quot;:&quot;%&quot;,&quot;size&quot;:50,&quot;sizes&quot;:[]},&quot;jet_parallax_layout_type&quot;:&quot;scroll&quot;,&quot;jet_parallax_layout_z_index&quot;:&quot;&quot;,&quot;jet_parallax_layout_bg_x&quot;:50,&quot;jet_parallax_layout_bg_y&quot;:50,&quot;jet_parallax_layout_bg_size&quot;:&quot;auto&quot;,&quot;jet_parallax_layout_animation_prop&quot;:&quot;transform&quot;,&quot;jet_parallax_layout_on&quot;:[&quot;desktop&quot;,&quot;tablet&quot;],&quot;jet_parallax_layout_direction&quot;:&quot;1&quot;,&quot;jet_parallax_layout_fx_direction&quot;:null,&quot;jet_parallax_layout_bg_x_tablet&quot;:&quot;&quot;,&quot;jet_parallax_layout_bg_x_mobile&quot;:&quot;&quot;,&quot;jet_parallax_layout_bg_y_tablet&quot;:&quot;&quot;,&quot;jet_parallax_layout_bg_y_mobile&quot;:&quot;&quot;,&quot;jet_parallax_layout_bg_size_tablet&quot;:&quot;&quot;,&quot;jet_parallax_layout_bg_size_mobile&quot;:&quot;&quot;}]}\">\n\t\t\t\t\t\t<div class=\"elementor-container elementor-column-gap-default\">\n\t\t\t\t\t<div class=\"elementor-column elementor-col-100 elementor-top-column elementor-element elementor-element-1da85e9\" data-id=\"1da85e9\" data-element_type=\"column\" data-e-type=\"column\">\n\t\t\t<div class=\"elementor-widget-wrap elementor-element-populated\">\n\t\t\t\t\t\t<div class=\"elementor-element elementor-element-4af540d elementor-widget elementor-widget-heading\" data-id=\"4af540d\" data-element_type=\"widget\" data-e-type=\"widget\" data-widget_type=\"heading.default\">\n\t\t\t\t<div class=\"elementor-widget-container\">\n\t\t\t\t\t<h2 class=\"elementor-heading-title elementor-size-default\">Sacerdotes y Religiosos del Verbo Incarnado<\/h2>\t\t\t\t<\/div>\n\t\t\t\t<\/div>\n\t\t\t\t\t<\/div>\n\t\t<\/div>\n\t\t\t\t\t<\/div>\n\t\t<\/section>\n\t\t\t\t<section class=\"elementor-section elementor-top-section elementor-element elementor-element-4b36d92 elementor-section-boxed elementor-section-height-default elementor-section-height-default\" data-id=\"4b36d92\" data-element_type=\"section\" data-e-type=\"section\" data-settings=\"{&quot;jet_parallax_layout_list&quot;:[{&quot;jet_parallax_layout_image&quot;:{&quot;url&quot;:&quot;&quot;,&quot;id&quot;:&quot;&quot;,&quot;size&quot;:&quot;&quot;},&quot;_id&quot;:&quot;be30d43&quot;,&quot;jet_parallax_layout_image_tablet&quot;:{&quot;url&quot;:&quot;&quot;,&quot;id&quot;:&quot;&quot;,&quot;size&quot;:&quot;&quot;},&quot;jet_parallax_layout_image_mobile&quot;:{&quot;url&quot;:&quot;&quot;,&quot;id&quot;:&quot;&quot;,&quot;size&quot;:&quot;&quot;},&quot;jet_parallax_layout_speed&quot;:{&quot;unit&quot;:&quot;%&quot;,&quot;size&quot;:50,&quot;sizes&quot;:[]},&quot;jet_parallax_layout_type&quot;:&quot;scroll&quot;,&quot;jet_parallax_layout_z_index&quot;:&quot;&quot;,&quot;jet_parallax_layout_bg_x&quot;:50,&quot;jet_parallax_layout_bg_y&quot;:50,&quot;jet_parallax_layout_bg_size&quot;:&quot;auto&quot;,&quot;jet_parallax_layout_animation_prop&quot;:&quot;transform&quot;,&quot;jet_parallax_layout_on&quot;:[&quot;desktop&quot;,&quot;tablet&quot;],&quot;jet_parallax_layout_direction&quot;:&quot;1&quot;,&quot;jet_parallax_layout_fx_direction&quot;:null,&quot;jet_parallax_layout_bg_x_tablet&quot;:&quot;&quot;,&quot;jet_parallax_layout_bg_x_mobile&quot;:&quot;&quot;,&quot;jet_parallax_layout_bg_y_tablet&quot;:&quot;&quot;,&quot;jet_parallax_layout_bg_y_mobile&quot;:&quot;&quot;,&quot;jet_parallax_layout_bg_size_tablet&quot;:&quot;&quot;,&quot;jet_parallax_layout_bg_size_mobile&quot;:&quot;&quot;}]}\">\n\t\t\t\t\t\t<div class=\"elementor-container elementor-column-gap-default\">\n\t\t\t\t\t<div class=\"elementor-column elementor-col-100 elementor-top-column elementor-element elementor-element-b5c7eba\" data-id=\"b5c7eba\" data-element_type=\"column\" data-e-type=\"column\">\n\t\t\t<div class=\"elementor-widget-wrap elementor-element-populated\">\n\t\t\t\t\t\t<section class=\"elementor-section elementor-inner-section elementor-element elementor-element-fa76f96 elementor-section-boxed elementor-section-height-default elementor-section-height-default\" data-id=\"fa76f96\" data-element_type=\"section\" data-e-type=\"section\" data-settings=\"{&quot;jet_parallax_layout_list&quot;:[{&quot;jet_parallax_layout_image&quot;:{&quot;url&quot;:&quot;&quot;,&quot;id&quot;:&quot;&quot;,&quot;size&quot;:&quot;&quot;},&quot;_id&quot;:&quot;6d9ea6a&quot;,&quot;jet_parallax_layout_image_tablet&quot;:{&quot;url&quot;:&quot;&quot;,&quot;id&quot;:&quot;&quot;,&quot;size&quot;:&quot;&quot;},&quot;jet_parallax_layout_image_mobile&quot;:{&quot;url&quot;:&quot;&quot;,&quot;id&quot;:&quot;&quot;,&quot;size&quot;:&quot;&quot;},&quot;jet_parallax_layout_speed&quot;:{&quot;unit&quot;:&quot;%&quot;,&quot;size&quot;:50,&quot;sizes&quot;:[]},&quot;jet_parallax_layout_type&quot;:&quot;scroll&quot;,&quot;jet_parallax_layout_z_index&quot;:&quot;&quot;,&quot;jet_parallax_layout_bg_x&quot;:50,&quot;jet_parallax_layout_bg_y&quot;:50,&quot;jet_parallax_layout_bg_size&quot;:&quot;auto&quot;,&quot;jet_parallax_layout_animation_prop&quot;:&quot;transform&quot;,&quot;jet_parallax_layout_on&quot;:[&quot;desktop&quot;,&quot;tablet&quot;],&quot;jet_parallax_layout_direction&quot;:&quot;1&quot;,&quot;jet_parallax_layout_fx_direction&quot;:null,&quot;jet_parallax_layout_bg_x_tablet&quot;:&quot;&quot;,&quot;jet_parallax_layout_bg_x_mobile&quot;:&quot;&quot;,&quot;jet_parallax_layout_bg_y_tablet&quot;:&quot;&quot;,&quot;jet_parallax_layout_bg_y_mobile&quot;:&quot;&quot;,&quot;jet_parallax_layout_bg_size_tablet&quot;:&quot;&quot;,&quot;jet_parallax_layout_bg_size_mobile&quot;:&quot;&quot;}]}\">\n\t\t\t\t\t\t<div class=\"elementor-container elementor-column-gap-default\">\n\t\t\t\t\t<div class=\"elementor-column elementor-col-33 elementor-inner-column elementor-element elementor-element-2dd0a77\" data-id=\"2dd0a77\" data-element_type=\"column\" data-e-type=\"column\">\n\t\t\t<div class=\"elementor-widget-wrap elementor-element-populated\">\n\t\t\t\t\t\t<div class=\"elementor-element elementor-element-1061645 elementor-widget elementor-widget-image\" data-id=\"1061645\" data-element_type=\"widget\" data-e-type=\"widget\" data-widget_type=\"image.default\">\n\t\t\t\t<div class=\"elementor-widget-container\">\n\t\t\t\t\t\t\t\t\t\t\t\t\t\t\t<img fetchpriority=\"high\" decoding=\"async\" width=\"358\" height=\"216\" src=\"https:\/\/iveinarabic.org\/wp-content\/uploads\/2019\/08\/word1.jpg\" class=\"attachment-large size-large wp-image-3136\" alt=\"\" srcset=\"https:\/\/iveinarabic.org\/wp-content\/uploads\/2019\/08\/word1.jpg 358w, https:\/\/iveinarabic.org\/wp-content\/uploads\/2019\/08\/word1-300x181.jpg 300w\" sizes=\"(max-width: 358px) 100vw, 358px\" \/>\t\t\t\t\t\t\t\t\t\t\t\t\t\t\t<\/div>\n\t\t\t\t<\/div>\n\t\t\t\t\t<\/div>\n\t\t<\/div>\n\t\t\t\t<div class=\"elementor-column elementor-col-33 elementor-inner-column elementor-element elementor-element-d9b7882\" data-id=\"d9b7882\" data-element_type=\"column\" data-e-type=\"column\">\n\t\t\t<div class=\"elementor-widget-wrap elementor-element-populated\">\n\t\t\t\t\t\t<div class=\"elementor-element elementor-element-0a60a02 elementor-widget elementor-widget-image\" data-id=\"0a60a02\" data-element_type=\"widget\" data-e-type=\"widget\" data-widget_type=\"image.default\">\n\t\t\t\t<div class=\"elementor-widget-container\">\n\t\t\t\t\t\t\t\t\t\t\t\t\t\t\t<img decoding=\"async\" width=\"358\" height=\"216\" src=\"https:\/\/iveinarabic.org\/wp-content\/uploads\/2019\/08\/word3.jpg\" class=\"attachment-large size-large wp-image-3137\" alt=\"\" srcset=\"https:\/\/iveinarabic.org\/wp-content\/uploads\/2019\/08\/word3.jpg 358w, https:\/\/iveinarabic.org\/wp-content\/uploads\/2019\/08\/word3-300x181.jpg 300w\" sizes=\"(max-width: 358px) 100vw, 358px\" \/>\t\t\t\t\t\t\t\t\t\t\t\t\t\t\t<\/div>\n\t\t\t\t<\/div>\n\t\t\t\t\t<\/div>\n\t\t<\/div>\n\t\t\t\t<div class=\"elementor-column elementor-col-33 elementor-inner-column elementor-element elementor-element-e7aebd4\" data-id=\"e7aebd4\" data-element_type=\"column\" data-e-type=\"column\">\n\t\t\t<div class=\"elementor-widget-wrap elementor-element-populated\">\n\t\t\t\t\t\t<div class=\"elementor-element elementor-element-fe04e16 elementor-widget elementor-widget-image\" data-id=\"fe04e16\" data-element_type=\"widget\" data-e-type=\"widget\" data-widget_type=\"image.default\">\n\t\t\t\t<div class=\"elementor-widget-container\">\n\t\t\t\t\t\t\t\t\t\t\t\t\t\t\t<img decoding=\"async\" width=\"358\" height=\"216\" src=\"https:\/\/iveinarabic.org\/wp-content\/uploads\/2019\/08\/word2.jpg\" class=\"attachment-large size-large wp-image-3138\" alt=\"\" srcset=\"https:\/\/iveinarabic.org\/wp-content\/uploads\/2019\/08\/word2.jpg 358w, https:\/\/iveinarabic.org\/wp-content\/uploads\/2019\/08\/word2-300x181.jpg 300w\" sizes=\"(max-width: 358px) 100vw, 358px\" \/>\t\t\t\t\t\t\t\t\t\t\t\t\t\t\t<\/div>\n\t\t\t\t<\/div>\n\t\t\t\t\t<\/div>\n\t\t<\/div>\n\t\t\t\t\t<\/div>\n\t\t<\/section>\n\t\t\t\t<div class=\"elementor-element elementor-element-b844072 elementor-widget elementor-widget-text-editor\" data-id=\"b844072\" data-element_type=\"widget\" data-e-type=\"widget\" data-widget_type=\"text-editor.default\">\n\t\t\t\t<div class=\"elementor-widget-container\">\n\t\t\t\t\t\t\t\t\t<p><span style=\"color: #ac0000;\"><strong>LA ESENCIA DE NUESTRA MISI\u00d3N.<\/strong><\/span><\/p>\n<p>El IVE toma su nombre del acontecimiento de la Encarnaci\u00f3n, que es el \u00abmisterio primero y fundamental de Jesucristo\u00bb (San Juan Pablo II). La Palabra de Dios vino al mundo, tom\u00f3 una naturaleza humana y vivi\u00f3 como un hombre para salvarnos.<\/p>\n<p>Queremos ser como otra encarnaci\u00f3n del Verbo, para que la encarnaci\u00f3n de Cristo se haga presente en toda la humanidad, \u00abpara llevar a Cristo todas las cosas\u00bb (Ef, 1-10).<\/p>\n<p>Por esto, nuestro fin espec\u00edfico es la <strong>evangelizaci\u00f3n de la cultura<\/strong>, de tal manera que el Evangelio hunda sus ra\u00edces en la vida y cultura de cada naci\u00f3n.<\/p>\n<p>Por eso comprometemos todas nuestras fuerzas para inculturar el Evangelio, es decir para prolongar la Encarnaci\u00f3n \u00aben todo hombre, en todo el hombre y en todas las manifestaciones del hombre\u00bb (Constituciones N 5), rechazando cualquier forma de pecado o mentira. <a href=\"http:\/\/www1.ive.org\/es\/quienes-somos\/espiritualidad\">(Para mayor informaci\u00f3n sobre nuestra Espiritualidad, haga clic aqu\u00ed)<\/a>.<\/p>\n<p>A imitaci\u00f3n de Cristo, que se hace hombre sin dejar de ser Dios, queremos aprender a estar en el mundo \u201csin ser del mundo\u201d. Sabemos que debemos ir al mundo para convertirlo pero sin mimetizarnos con \u00e9l. Buscamos ir a la cultura y a las culturas del hombre no para convertirnos en ellas, sino para sanarlas y elevarlas con la fuerza del Evangelio, haciendo, an\u00e1logamente, lo que hizo Cristo: <strong>\u201cSuprimi\u00f3 lo diab\u00f3lico, asumi\u00f3 lo humano y le comunic\u00f3 lo divino\u201d<\/strong>.<\/p>\n<p><span style=\"color: #ac0000;\"><strong>\u00c1MBITOS DE EVANGELIZACI\u00d3N<\/strong><\/span><\/p>\n<p>Trabajamos en las \u00e1reas de mayor influencia de la cultura para difundir el mensaje del Evangelio: en las familias, en la educaci\u00f3n, en los medios de comunicaci\u00f3n, con los j\u00f3venes, con los hombres de pensamiento y en todas las dem\u00e1s leg\u00edtimas expresiones de la naturaleza humana.<\/p>\n<p><span style=\"color: #ac0000;\"><strong>NUESTRA FUERZA<\/strong><\/span><\/p>\n<p>Buscamos vivir una vida espiritual intensa que toma su fuerza del Sant\u00edsimo Sacramento en la celebraci\u00f3n de la Santa Misa y en la Adoraci\u00f3n Eucar\u00edstica.<\/p>\n<p>Ponemos todas nuestras obras en las manos maternales de la Madre de Dios. Queremos forjar nuestra alma a trav\u00e9s de los Ejercicios Espirituales de San Ignacio de Loyola. Y confiando en la ayuda de Dios, nos lanzamos a predicar el Evangelio de Cristo dondequiera Dios nos env\u00ede. <a href=\"http:\/\/www1.ive.org\/es\/qu%C3%A9-hacemos\/apostolado\">(Para ver m\u00e1s sobre nuestra misi\u00f3n, haga clic aqu\u00ed)<\/a>.<\/p>\n<p><span style=\"color: #ac0000;\"><strong>FORMACI\u00d3N<\/strong><\/span><\/p>\n<p>Deseamos formar hombres virtuosos (de<em>\u00a0\u201cvir\u201d<\/em>\u00a0y de\u00a0<em>\u201cvis\u201d<\/em>: que tengan la fuerza del var\u00f3n) seg\u00fan la doctrina de los grandes maestros de la vida espiritual, en especial: San Agust\u00edn, Santo Tom\u00e1s de Aquino, San Juan de la Cruz, Santa Teresa de Jes\u00fas, San Ignacio de Loyola, San Luis Mar\u00eda Grignion de Montfort, Santa Teresita\u00a0del Ni\u00f1o Jes\u00fas y de todos los santos de todos los tiempos que la Iglesia propone como ejemplares para que imitemos sus virtudes.<\/p>\n<p>La formaci\u00f3n intelectual de los miembros del IVE consiste en el estudio de la filosof\u00eda y la teolog\u00eda (Sagradas Escrituras y Moral). \u00c9sta se desarrolla bajo el magisterio de Santo Tom\u00e1s de Aquino, y de sus disc\u00edpulos actuales entre los cuales destaca el Padre Doctor Cornelio Fabro. Esto lo hacemos porque \u201cla Iglesia ha proclamado que la doctrina de Santo Tom\u00e1s es su propia doctrina\u201d (Benedicto XV, Enc\u00edclica sobre el VII centenario del nacimiento de Santo Domingo, <em>Fausto Appetente Die<\/em>, 4b.).\u00a0<a href=\"http:\/\/www1.ive.org\/es\/quienes-somos\/el-seminario-mayor\">Haga clic aqu\u00ed para saber m\u00e1s sobre nuestra formaci\u00f3n<\/a>.<\/p>\n<p><span style=\"color: #ac0000;\"><strong>RITOS<\/strong><\/span><\/p>\n<p>Somos miembros de una \u00fanica familia religiosa misionera, y ante todo, somos hijos de la Iglesia Una, Santa, Cat\u00f3lica y Apost\u00f3lica que \u00abrespira\u00bb con dos pulmones: el <strong>oriental<\/strong>\u00a0y el\u00a0<strong>occidental.<\/strong><\/p>\n<p>Trabajamos apost\u00f3licamente en territorios pertenecientes a la Iglesia Latina y a la Iglesia Oriental Cat\u00f3lica. Por tanto, nuestro Instituto posee tambi\u00e9n miembros de la Iglesia Oriental que misionan en diversas iglesias sujetas a la observancia de sus propios ritos.<\/p>\n<p><span style=\"color: #ac0000;\"><strong>RAMA APOST\u00d3LICA Y CONTEMPLATIVA<\/strong><\/span><\/p>\n<p>El Instituto cuenta con dos ramas: <strong>ap\u00f3stolica<\/strong>\u00a0y\u00a0<strong>contemplativa.<\/strong>\u00a0<a href=\"http:\/\/www1.ive.org\/es\/quienes-somos\/vida-contemplativa\">(Haga clic aqu\u00ed para saber m\u00e1s sobre la vida contemplativa).<\/a>\u00a0Como una \u00fanica familia sabemos que gracias a la oraci\u00f3n y sacrificio de quienes se consagran a Dios en la vida contemplativa, el Se\u00f1or suscita predicadores, confesores, directores espirituales, misioneros, para que transmitan la verdad a los hombres, por lo que verdaderamente puede decirse que otros transmiten lo que ellos contemplan.<\/p>\n<p><span style=\"color: #ac0000;\"><strong>EL ESCUDO DEL IVE<\/strong><\/span><\/p>\n<p><strong>LA ESPADA<\/strong>: Nuestra misi\u00f3n es predicar: \u00abTendr\u00e1n en sus bocas la espada de dos filos de la Palabra de Dios\u00bb (Tratado de la Verdadera Devoci\u00f3n a la Virgen Mar\u00eda).<\/p>\n<p><strong>LA CRUZ ROJA<\/strong>: Toda obra toma su fuerza de la sangre de Cristo derramada por nuestra redenci\u00f3n.<\/p>\n<p><strong>EL FONDO BLANCO<\/strong>: s\u00edmbolo de la pureza de todas las obras hechas s\u00f3lo por Dios.<\/p>\n<p><strong>LA CORONA<\/strong>: representa la realeza de Cristo.<\/p>\n<p><strong>LAS TRES LLAMAS<\/strong>: son los tres consejos evang\u00e9licos (votos de pobreza, castidad y obediencia).<\/p>\n<p><strong>EL LIRIO<\/strong>\u00a0(flor de lis): significa nuestro cuarto voto de consagraci\u00f3n a la Virgen Mar\u00eda en Materna Esclavitud de amor.<\/p>\n<p><strong>LAS LETRAS V, C, F, E<\/strong>: quieren decir Verbum Caro Factum Est (el Verbo se hizo carne), porque somos la Familia Religiosa del Verbo Encarnado. Estas palabras est\u00e1n tomadas del\u00a0Evangelio de San Juan, en el que se describe el acontecimiento de la Encarnaci\u00f3n (Jn 1, 14).<\/p>\n<p><strong>EL ROSARIO<\/strong>: es nuestra devoci\u00f3n a la Virgen Mar\u00eda, su materna protecci\u00f3n, su presencia en nuestras vidas y en las obras apost\u00f3licas.<\/p>\n<p>&nbsp;<\/p>\n\t\t\t\t\t\t\t\t<\/div>\n\t\t\t\t<\/div>\n\t\t\t\t<div class=\"elementor-element elementor-element-963b1f6 elementor-widget elementor-widget-image\" data-id=\"963b1f6\" data-element_type=\"widget\" data-e-type=\"widget\" data-widget_type=\"image.default\">\n\t\t\t\t<div class=\"elementor-widget-container\">\n\t\t\t\t\t\t\t\t\t\t\t\t\t\t\t<img loading=\"lazy\" decoding=\"async\" width=\"844\" height=\"598\" src=\"https:\/\/iveinarabic.org\/wp-content\/uploads\/2019\/08\/kahen.jpg\" class=\"attachment-large size-large wp-image-3139\" alt=\"\" srcset=\"https:\/\/iveinarabic.org\/wp-content\/uploads\/2019\/08\/kahen.jpg 844w, https:\/\/iveinarabic.org\/wp-content\/uploads\/2019\/08\/kahen-300x213.jpg 300w, https:\/\/iveinarabic.org\/wp-content\/uploads\/2019\/08\/kahen-768x544.jpg 768w\" sizes=\"(max-width: 844px) 100vw, 844px\" \/>\t\t\t\t\t\t\t\t\t\t\t\t\t\t\t<\/div>\n\t\t\t\t<\/div>\n\t\t\t\t\t<\/div>\n\t\t<\/div>\n\t\t\t\t\t<\/div>\n\t\t<\/section>\n\t\t\t\t<\/div>\n\t\t","protected":false},"excerpt":{"rendered":"<p>LA ESENCIA DE NUESTRA MISI\u00d3N. El IVE toma su nombre del acontecimiento de la Encarnaci\u00f3n, que es el \u00abmisterio primero y fundamental de Jesucristo\u00bb (San Juan Pablo II). La Palabra de Dios vino al mundo, tom\u00f3 una naturaleza humana y vivi\u00f3 como un hombre para salvarnos. Queremos ser como otra encarnaci\u00f3n del Verbo, para que [&hellip;]<\/p>\n","protected":false},"author":2,"featured_media":0,"parent":0,"menu_order":0,"comment_status":"closed","ping_status":"closed","template":"elementor_header_footer","meta":{"_acf_changed":false,"ocean_post_layout":"","ocean_both_sidebars_style":"","ocean_both_sidebars_content_width":0,"ocean_both_sidebars_sidebars_width":0,"ocean_sidebar":"0","ocean_second_sidebar":"0","ocean_disable_margins":"enable","ocean_add_body_class":"","ocean_shortcode_before_top_bar":"","ocean_shortcode_after_top_bar":"","ocean_shortcode_before_header":"","ocean_shortcode_after_header":"","ocean_has_shortcode":"","ocean_shortcode_after_title":"","ocean_shortcode_before_footer_widgets":"","ocean_shortcode_after_footer_widgets":"","ocean_shortcode_before_footer_bottom":"","ocean_shortcode_after_footer_bottom":"","ocean_display_top_bar":"default","ocean_display_header":"default","ocean_header_style":"","ocean_center_header_left_menu":"0","ocean_custom_header_template":"0","ocean_custom_logo":0,"ocean_custom_retina_logo":0,"ocean_custom_logo_max_width":0,"ocean_custom_logo_tablet_max_width":0,"ocean_custom_logo_mobile_max_width":0,"ocean_custom_logo_max_height":0,"ocean_custom_logo_tablet_max_height":0,"ocean_custom_logo_mobile_max_height":0,"ocean_header_custom_menu":"0","ocean_menu_typo_font_family":"0","ocean_menu_typo_font_subset":"","ocean_menu_typo_font_size":0,"ocean_menu_typo_font_size_tablet":0,"ocean_menu_typo_font_size_mobile":0,"ocean_menu_typo_font_size_unit":"px","ocean_menu_typo_font_weight":"","ocean_menu_typo_font_weight_tablet":"","ocean_menu_typo_font_weight_mobile":"","ocean_menu_typo_transform":"","ocean_menu_typo_transform_tablet":"","ocean_menu_typo_transform_mobile":"","ocean_menu_typo_line_height":0,"ocean_menu_typo_line_height_tablet":0,"ocean_menu_typo_line_height_mobile":0,"ocean_menu_typo_line_height_unit":"","ocean_menu_typo_spacing":0,"ocean_menu_typo_spacing_tablet":0,"ocean_menu_typo_spacing_mobile":0,"ocean_menu_typo_spacing_unit":"","ocean_menu_link_color":"","ocean_menu_link_color_hover":"","ocean_menu_link_color_active":"","ocean_menu_link_background":"","ocean_menu_link_hover_background":"","ocean_menu_link_active_background":"","ocean_menu_social_links_bg":"","ocean_menu_social_hover_links_bg":"","ocean_menu_social_links_color":"","ocean_menu_social_hover_links_color":"","ocean_disable_title":"default","ocean_disable_heading":"default","ocean_post_title":"","ocean_post_subheading":"","ocean_post_title_style":"","ocean_post_title_background_color":"","ocean_post_title_background":0,"ocean_post_title_bg_image_position":"","ocean_post_title_bg_image_attachment":"","ocean_post_title_bg_image_repeat":"","ocean_post_title_bg_image_size":"","ocean_post_title_height":0,"ocean_post_title_bg_overlay":0.5,"ocean_post_title_bg_overlay_color":"","ocean_disable_breadcrumbs":"default","ocean_breadcrumbs_color":"","ocean_breadcrumbs_separator_color":"","ocean_breadcrumbs_links_color":"","ocean_breadcrumbs_links_hover_color":"","ocean_display_footer_widgets":"default","ocean_display_footer_bottom":"default","ocean_custom_footer_template":"0","footnotes":""},"class_list":["post-4443","page","type-page","status-publish","hentry","entry"],"acf":[],"_links":{"self":[{"href":"https:\/\/iveinarabic.org\/es\/wp-json\/wp\/v2\/pages\/4443","targetHints":{"allow":["GET"]}}],"collection":[{"href":"https:\/\/iveinarabic.org\/es\/wp-json\/wp\/v2\/pages"}],"about":[{"href":"https:\/\/iveinarabic.org\/es\/wp-json\/wp\/v2\/types\/page"}],"author":[{"embeddable":true,"href":"https:\/\/iveinarabic.org\/es\/wp-json\/wp\/v2\/users\/2"}],"replies":[{"embeddable":true,"href":"https:\/\/iveinarabic.org\/es\/wp-json\/wp\/v2\/comments?post=4443"}],"version-history":[{"count":0,"href":"https:\/\/iveinarabic.org\/es\/wp-json\/wp\/v2\/pages\/4443\/revisions"}],"wp:attachment":[{"href":"https:\/\/iveinarabic.org\/es\/wp-json\/wp\/v2\/media?parent=4443"}],"curies":[{"name":"wp","href":"https:\/\/api.w.org\/{rel}","templated":true}]}}