{"id":4447,"date":"2019-11-19T08:52:40","date_gmt":"2019-11-19T08:52:40","guid":{"rendered":"https:\/\/www.iveinarabic.org\/gol\/"},"modified":"2020-02-29T15:58:11","modified_gmt":"2020-02-29T15:58:11","slug":"gol","status":"publish","type":"page","link":"https:\/\/iveinarabic.org\/es\/gol\/","title":{"rendered":"Gol"},"content":{"rendered":"\t\t<div data-elementor-type=\"wp-post\" data-elementor-id=\"4447\" class=\"elementor elementor-4447 elementor-227\" data-elementor-post-type=\"page\">\n\t\t\t\t\t\t<section class=\"elementor-section elementor-top-section elementor-element elementor-element-4b83bfa elementor-section-boxed elementor-section-height-default elementor-section-height-default\" data-id=\"4b83bfa\" data-element_type=\"section\" data-e-type=\"section\" data-settings=\"{&quot;jet_parallax_layout_list&quot;:[{&quot;jet_parallax_layout_image&quot;:{&quot;url&quot;:&quot;&quot;,&quot;id&quot;:&quot;&quot;,&quot;size&quot;:&quot;&quot;},&quot;_id&quot;:&quot;f0f5da4&quot;,&quot;jet_parallax_layout_image_tablet&quot;:{&quot;url&quot;:&quot;&quot;,&quot;id&quot;:&quot;&quot;,&quot;size&quot;:&quot;&quot;},&quot;jet_parallax_layout_image_mobile&quot;:{&quot;url&quot;:&quot;&quot;,&quot;id&quot;:&quot;&quot;,&quot;size&quot;:&quot;&quot;},&quot;jet_parallax_layout_speed&quot;:{&quot;unit&quot;:&quot;%&quot;,&quot;size&quot;:50,&quot;sizes&quot;:[]},&quot;jet_parallax_layout_type&quot;:&quot;scroll&quot;,&quot;jet_parallax_layout_z_index&quot;:&quot;&quot;,&quot;jet_parallax_layout_bg_x&quot;:50,&quot;jet_parallax_layout_bg_y&quot;:50,&quot;jet_parallax_layout_bg_size&quot;:&quot;auto&quot;,&quot;jet_parallax_layout_animation_prop&quot;:&quot;transform&quot;,&quot;jet_parallax_layout_on&quot;:[&quot;desktop&quot;,&quot;tablet&quot;],&quot;jet_parallax_layout_direction&quot;:&quot;1&quot;,&quot;jet_parallax_layout_fx_direction&quot;:null,&quot;jet_parallax_layout_bg_x_tablet&quot;:&quot;&quot;,&quot;jet_parallax_layout_bg_x_mobile&quot;:&quot;&quot;,&quot;jet_parallax_layout_bg_y_tablet&quot;:&quot;&quot;,&quot;jet_parallax_layout_bg_y_mobile&quot;:&quot;&quot;,&quot;jet_parallax_layout_bg_size_tablet&quot;:&quot;&quot;,&quot;jet_parallax_layout_bg_size_mobile&quot;:&quot;&quot;}]}\">\n\t\t\t\t\t\t<div class=\"elementor-container elementor-column-gap-default\">\n\t\t\t\t\t<div class=\"elementor-column elementor-col-100 elementor-top-column elementor-element elementor-element-0ec0879\" data-id=\"0ec0879\" data-element_type=\"column\" data-e-type=\"column\">\n\t\t\t<div class=\"elementor-widget-wrap elementor-element-populated\">\n\t\t\t\t\t\t<div class=\"elementor-element elementor-element-f223576 elementor-widget elementor-widget-heading\" data-id=\"f223576\" data-element_type=\"widget\" data-e-type=\"widget\" data-widget_type=\"heading.default\">\n\t\t\t\t<div class=\"elementor-widget-container\">\n\t\t\t\t\t<h2 class=\"elementor-heading-title elementor-size-default\">Gol<\/h2>\t\t\t\t<\/div>\n\t\t\t\t<\/div>\n\t\t\t\t\t<\/div>\n\t\t<\/div>\n\t\t\t\t\t<\/div>\n\t\t<\/section>\n\t\t\t\t<section class=\"elementor-section elementor-top-section elementor-element elementor-element-68354ad elementor-section-boxed elementor-section-height-default elementor-section-height-default\" data-id=\"68354ad\" data-element_type=\"section\" data-e-type=\"section\" data-settings=\"{&quot;jet_parallax_layout_list&quot;:[{&quot;jet_parallax_layout_image&quot;:{&quot;url&quot;:&quot;&quot;,&quot;id&quot;:&quot;&quot;,&quot;size&quot;:&quot;&quot;},&quot;_id&quot;:&quot;be30d43&quot;,&quot;jet_parallax_layout_image_tablet&quot;:{&quot;url&quot;:&quot;&quot;,&quot;id&quot;:&quot;&quot;,&quot;size&quot;:&quot;&quot;},&quot;jet_parallax_layout_image_mobile&quot;:{&quot;url&quot;:&quot;&quot;,&quot;id&quot;:&quot;&quot;,&quot;size&quot;:&quot;&quot;},&quot;jet_parallax_layout_speed&quot;:{&quot;unit&quot;:&quot;%&quot;,&quot;size&quot;:50,&quot;sizes&quot;:[]},&quot;jet_parallax_layout_type&quot;:&quot;scroll&quot;,&quot;jet_parallax_layout_z_index&quot;:&quot;&quot;,&quot;jet_parallax_layout_bg_x&quot;:50,&quot;jet_parallax_layout_bg_y&quot;:50,&quot;jet_parallax_layout_bg_size&quot;:&quot;auto&quot;,&quot;jet_parallax_layout_animation_prop&quot;:&quot;transform&quot;,&quot;jet_parallax_layout_on&quot;:[&quot;desktop&quot;,&quot;tablet&quot;],&quot;jet_parallax_layout_direction&quot;:&quot;1&quot;,&quot;jet_parallax_layout_fx_direction&quot;:null,&quot;jet_parallax_layout_bg_x_tablet&quot;:&quot;&quot;,&quot;jet_parallax_layout_bg_x_mobile&quot;:&quot;&quot;,&quot;jet_parallax_layout_bg_y_tablet&quot;:&quot;&quot;,&quot;jet_parallax_layout_bg_y_mobile&quot;:&quot;&quot;,&quot;jet_parallax_layout_bg_size_tablet&quot;:&quot;&quot;,&quot;jet_parallax_layout_bg_size_mobile&quot;:&quot;&quot;}]}\">\n\t\t\t\t\t\t<div class=\"elementor-container elementor-column-gap-default\">\n\t\t\t\t\t<div class=\"elementor-column elementor-col-100 elementor-top-column elementor-element elementor-element-953671f\" data-id=\"953671f\" data-element_type=\"column\" data-e-type=\"column\">\n\t\t\t<div class=\"elementor-widget-wrap elementor-element-populated\">\n\t\t\t\t\t\t<div class=\"elementor-element elementor-element-f051f01 elementor-widget elementor-widget-text-editor\" data-id=\"f051f01\" data-element_type=\"widget\" data-e-type=\"widget\" data-widget_type=\"text-editor.default\">\n\t\t\t\t<div class=\"elementor-widget-container\">\n\t\t\t\t\t\t\t\t\t<h2><span style=\"color: #aa0000;\">Nuestro objetivo<\/span><\/h2>\n<p>Nuestra vocaci\u00f3n es seguir a Cristo m\u00e1s de cerca bajo la acci\u00f3n del Esp\u00edritu Santo. Queremos dedicarnos totalmente a Dios como a nuestro Amor Supremo, buscando su gloria de una forma nueva y especial, para la edificaci\u00f3n de la Iglesia y la salvaci\u00f3n de las almas.<\/p>\n<h2><span style=\"color: #aa0000;\">NUESTRO FIN<\/span><\/h2>\n<h2>EVANGELIZAR\u00a0LA CULTURA PARA EXTENDER LA ENCARNACI\u00d3N DEL VERBO1.<\/h2>\n<p><strong>Fin com\u00fan, propio y espec\u00edfico<\/strong><\/p>\n<p>&nbsp;<\/p>\n\t\t\t\t\t\t\t\t<\/div>\n\t\t\t\t<\/div>\n\t\t\t\t<div class=\"elementor-element elementor-element-91c5ade elementor-widget elementor-widget-image\" data-id=\"91c5ade\" data-element_type=\"widget\" data-e-type=\"widget\" data-widget_type=\"image.default\">\n\t\t\t\t<div class=\"elementor-widget-container\">\n\t\t\t\t\t\t\t\t\t\t\t\t\t\t\t<img fetchpriority=\"high\" decoding=\"async\" width=\"800\" height=\"348\" src=\"https:\/\/iveinarabic.org\/wp-content\/uploads\/2019\/08\/ourgoal.jpg\" class=\"attachment-large size-large wp-image-3128\" alt=\"\" srcset=\"https:\/\/iveinarabic.org\/wp-content\/uploads\/2019\/08\/ourgoal.jpg 800w, https:\/\/iveinarabic.org\/wp-content\/uploads\/2019\/08\/ourgoal-300x131.jpg 300w, https:\/\/iveinarabic.org\/wp-content\/uploads\/2019\/08\/ourgoal-768x334.jpg 768w\" sizes=\"(max-width: 800px) 100vw, 800px\" \/>\t\t\t\t\t\t\t\t\t\t\t\t\t\t\t<\/div>\n\t\t\t\t<\/div>\n\t\t\t\t<div class=\"elementor-element elementor-element-0a44b4d elementor-widget elementor-widget-text-editor\" data-id=\"0a44b4d\" data-element_type=\"widget\" data-e-type=\"widget\" data-widget_type=\"text-editor.default\">\n\t\t\t\t<div class=\"elementor-widget-container\">\n\t\t\t\t\t\t\t\t\t<p>Como todo Instituto de vida consagrada, tanto religioso como secular, tenemos un\u00a0<strong>fin universal y com\u00fan<\/strong>\u00a0\u2013que suele denominarse vocaci\u00f3n\u2013 por el que queremos seguir m\u00e1s de cerca a Cristo bajo la acci\u00f3n del Esp\u00edritu Santo, dedic\u00e1ndonos totalmente a Dios como a nuestro amor supremo, para que entregados por un nuevo y peculiar t\u00edtulo a su gloria, a la edificaci\u00f3n de la Iglesia y a la salvaci\u00f3n del mundo, consigamos la perfecci\u00f3n de la caridad, y por la caridad a la que conduce la profesi\u00f3n de los consejos evang\u00e9licos de castidad, pobreza y obediencia, unirnos de modo especial a la Iglesia y a su misterio.<\/p>\n<p>Asimismo, tendemos al\u00a0<strong>fin propio<\/strong>\u00a0de todo Instituto de vida religiosa, el cual no es otro que la consagraci\u00f3n total de nuestra persona, manifestando el desposorio admirable establecido por Dios en la Iglesia, signo de la vida del Cielo. As\u00ed consumaremos la plena donaci\u00f3n de nosotros mismos como sacrificio ofrecido a Dios, por el que toda nuestra existencia se hace culto continuo a Dios en la caridad.<\/p>\n<p>Esto se manifiesta en que formamos una familia4, emitimos votos p\u00fablicos y vivimos vida fraterna en com\u00fan; y el testimonio p\u00fablico que debemos dar conlleva un apartamiento del mundo5. Para vivir seg\u00fan el Esp\u00edritu Santo, necesariamente hay que apartar de s\u00ed el esp\u00edritu del mundo:\u00a0<em>El Esp\u00edritu de verdad\u2026 el mundo no lo puede recibir, porque no le ve ni le conoce<\/em>\u00a0(Jn 14,17).<\/p>\n<p>Finalmente queremos, como\u00a0<strong>fin espec\u00edfico y singular<\/strong>, dedicarnos a la evangelizaci\u00f3n de la cultura, es decir, trabajar para \u201c<strong>transformar con la fuerza del Evangelio<\/strong><\/p>\n<p>-los criterios de juicio,<\/p>\n<p>-los valores determinantes,<\/p>\n<p>-los puntos de inter\u00e9s,<\/p>\n<p>-las l\u00edneas de pensamiento,<\/p>\n<p>-las fuentes inspiradoras,<\/p>\n<p>-los modelos de vida de la humanidad\u201d;<\/p>\n<p>\u201c<strong>para que est\u00e9n imbuidos de la fuerza del Evangelio<\/strong><\/p>\n<p>-los modos de pensar,<\/p>\n<p>-los criterios de juicio,<\/p>\n<p>-las normas de acci\u00f3n\u201d,<\/p>\n<p>pues no podemos olvidar que el Concilio Vaticano II ha se\u00f1alado que: \u201cEl divorcio entre la fe y la vida diaria de muchos debe ser considerado como uno de los m\u00e1s graves errores de nuestra \u00e9poca\u201d\u00a0y ello se debe en gran medida a que el mundo \u201cse ha ido separando y distinguiendo, en estos \u00faltimos siglos, del tronco cristiano de su civilizaci\u00f3n\u201d, lo cual ha conducido a la descristianizaci\u00f3n de la cultura.<\/p>\n<p>Consideramos que algunos de los medios m\u00e1s importantes para alcanzar el fin establecido es\u00a0<strong>trabajar sobre los puntos de inflexi\u00f3n de la cultura<\/strong>, a saber: las familias, la educaci\u00f3n \u2013en especial la seminar\u00edstica, la universitaria y la terciaria\u2013, los medios de comunicaci\u00f3n social y los hombres de pensamiento o \u201cintelectuales\u201d, en lo que hace a la iniciaci\u00f3n y llamamiento, desarrollo, discernimiento, formaci\u00f3n, consolidaci\u00f3n, acompa\u00f1amiento y posterior ejercicio de la vocaci\u00f3n al apostolado intelectual.<\/p>\n<p>Por eso\u00a0<strong>comprometemos todas nuestras fuerzas para no ser esquivos a la aventura misionera<\/strong>, para prolongar la Encarnaci\u00f3n del Verbo \u201cen todo hombre, en todo el hombre y en todas las manifestaciones del hombre\u201d\u00a0asumiendo todo lo aut\u00e9nticamente humano, para ser como otra humanidad de Cristo, para realizar con mayor perfecci\u00f3n el servicio de Dios y de los hombres.<\/p>\n\t\t\t\t\t\t\t\t<\/div>\n\t\t\t\t<\/div>\n\t\t\t\t\t<\/div>\n\t\t<\/div>\n\t\t\t\t\t<\/div>\n\t\t<\/section>\n\t\t\t\t<section class=\"elementor-section elementor-inner-section elementor-element elementor-element-b0a4018 elementor-section-boxed elementor-section-height-default elementor-section-height-default\" data-id=\"b0a4018\" data-element_type=\"section\" data-e-type=\"section\" data-settings=\"{&quot;jet_parallax_layout_list&quot;:[{&quot;jet_parallax_layout_image&quot;:{&quot;url&quot;:&quot;&quot;,&quot;id&quot;:&quot;&quot;,&quot;size&quot;:&quot;&quot;},&quot;_id&quot;:&quot;6d9ea6a&quot;,&quot;jet_parallax_layout_image_tablet&quot;:{&quot;url&quot;:&quot;&quot;,&quot;id&quot;:&quot;&quot;,&quot;size&quot;:&quot;&quot;},&quot;jet_parallax_layout_image_mobile&quot;:{&quot;url&quot;:&quot;&quot;,&quot;id&quot;:&quot;&quot;,&quot;size&quot;:&quot;&quot;},&quot;jet_parallax_layout_speed&quot;:{&quot;unit&quot;:&quot;%&quot;,&quot;size&quot;:50,&quot;sizes&quot;:[]},&quot;jet_parallax_layout_type&quot;:&quot;scroll&quot;,&quot;jet_parallax_layout_z_index&quot;:&quot;&quot;,&quot;jet_parallax_layout_bg_x&quot;:50,&quot;jet_parallax_layout_bg_y&quot;:50,&quot;jet_parallax_layout_bg_size&quot;:&quot;auto&quot;,&quot;jet_parallax_layout_animation_prop&quot;:&quot;transform&quot;,&quot;jet_parallax_layout_on&quot;:[&quot;desktop&quot;,&quot;tablet&quot;],&quot;jet_parallax_layout_direction&quot;:&quot;1&quot;,&quot;jet_parallax_layout_fx_direction&quot;:null,&quot;jet_parallax_layout_bg_x_tablet&quot;:&quot;&quot;,&quot;jet_parallax_layout_bg_x_mobile&quot;:&quot;&quot;,&quot;jet_parallax_layout_bg_y_tablet&quot;:&quot;&quot;,&quot;jet_parallax_layout_bg_y_mobile&quot;:&quot;&quot;,&quot;jet_parallax_layout_bg_size_tablet&quot;:&quot;&quot;,&quot;jet_parallax_layout_bg_size_mobile&quot;:&quot;&quot;}]}\">\n\t\t\t\t\t\t<div class=\"elementor-container elementor-column-gap-default\">\n\t\t\t\t\t<div class=\"elementor-column elementor-col-33 elementor-inner-column elementor-element elementor-element-1338691\" data-id=\"1338691\" data-element_type=\"column\" data-e-type=\"column\">\n\t\t\t<div class=\"elementor-widget-wrap elementor-element-populated\">\n\t\t\t\t\t\t<div class=\"elementor-element elementor-element-fd6dd2b elementor-widget elementor-widget-image\" data-id=\"fd6dd2b\" data-element_type=\"widget\" data-e-type=\"widget\" data-widget_type=\"image.default\">\n\t\t\t\t<div class=\"elementor-widget-container\">\n\t\t\t\t\t\t\t\t\t\t\t\t\t\t\t<img decoding=\"async\" width=\"540\" height=\"304\" src=\"https:\/\/iveinarabic.org\/wp-content\/uploads\/2019\/08\/1.jpg\" class=\"attachment-large size-large wp-image-3130\" alt=\"\" srcset=\"https:\/\/iveinarabic.org\/wp-content\/uploads\/2019\/08\/1.jpg 540w, https:\/\/iveinarabic.org\/wp-content\/uploads\/2019\/08\/1-300x169.jpg 300w\" sizes=\"(max-width: 540px) 100vw, 540px\" \/>\t\t\t\t\t\t\t\t\t\t\t\t\t\t\t<\/div>\n\t\t\t\t<\/div>\n\t\t\t\t\t<\/div>\n\t\t<\/div>\n\t\t\t\t<div class=\"elementor-column elementor-col-33 elementor-inner-column elementor-element elementor-element-97c90af\" data-id=\"97c90af\" data-element_type=\"column\" data-e-type=\"column\">\n\t\t\t<div class=\"elementor-widget-wrap elementor-element-populated\">\n\t\t\t\t\t\t<div class=\"elementor-element elementor-element-a05e2f9 elementor-widget elementor-widget-image\" data-id=\"a05e2f9\" data-element_type=\"widget\" data-e-type=\"widget\" data-widget_type=\"image.default\">\n\t\t\t\t<div class=\"elementor-widget-container\">\n\t\t\t\t\t\t\t\t\t\t\t\t\t\t\t<img decoding=\"async\" width=\"540\" height=\"304\" src=\"https:\/\/iveinarabic.org\/wp-content\/uploads\/2019\/08\/2.jpg\" class=\"attachment-large size-large wp-image-3129\" alt=\"\" srcset=\"https:\/\/iveinarabic.org\/wp-content\/uploads\/2019\/08\/2.jpg 540w, https:\/\/iveinarabic.org\/wp-content\/uploads\/2019\/08\/2-300x169.jpg 300w\" sizes=\"(max-width: 540px) 100vw, 540px\" \/>\t\t\t\t\t\t\t\t\t\t\t\t\t\t\t<\/div>\n\t\t\t\t<\/div>\n\t\t\t\t\t<\/div>\n\t\t<\/div>\n\t\t\t\t<div class=\"elementor-column elementor-col-33 elementor-inner-column elementor-element elementor-element-57d2dec\" data-id=\"57d2dec\" data-element_type=\"column\" data-e-type=\"column\">\n\t\t\t<div class=\"elementor-widget-wrap elementor-element-populated\">\n\t\t\t\t\t\t<div class=\"elementor-element elementor-element-f5a7d20 elementor-widget elementor-widget-image\" data-id=\"f5a7d20\" data-element_type=\"widget\" data-e-type=\"widget\" data-widget_type=\"image.default\">\n\t\t\t\t<div class=\"elementor-widget-container\">\n\t\t\t\t\t\t\t\t\t\t\t\t\t\t\t<img loading=\"lazy\" decoding=\"async\" width=\"540\" height=\"304\" src=\"https:\/\/iveinarabic.org\/wp-content\/uploads\/2019\/08\/3.jpg\" class=\"attachment-large size-large wp-image-3131\" alt=\"\" srcset=\"https:\/\/iveinarabic.org\/wp-content\/uploads\/2019\/08\/3.jpg 540w, https:\/\/iveinarabic.org\/wp-content\/uploads\/2019\/08\/3-300x169.jpg 300w\" sizes=\"(max-width: 540px) 100vw, 540px\" \/>\t\t\t\t\t\t\t\t\t\t\t\t\t\t\t<\/div>\n\t\t\t\t<\/div>\n\t\t\t\t\t<\/div>\n\t\t<\/div>\n\t\t\t\t\t<\/div>\n\t\t<\/section>\n\t\t\t\t<\/div>\n\t\t","protected":false},"excerpt":{"rendered":"<p>Nuestro objetivo Nuestra vocaci\u00f3n es seguir a Cristo m\u00e1s de cerca bajo la acci\u00f3n del Esp\u00edritu Santo. Queremos dedicarnos totalmente a Dios como a nuestro Amor Supremo, buscando su gloria de una forma nueva y especial, para la edificaci\u00f3n de la Iglesia y la salvaci\u00f3n de las almas. NUESTRO FIN EVANGELIZAR&nbsp;LA CULTURA PARA EXTENDER LA [&hellip;]<\/p>\n","protected":false},"author":2,"featured_media":0,"parent":0,"menu_order":0,"comment_status":"closed","ping_status":"closed","template":"elementor_header_footer","meta":{"_acf_changed":false,"ocean_post_layout":"","ocean_both_sidebars_style":"","ocean_both_sidebars_content_width":0,"ocean_both_sidebars_sidebars_width":0,"ocean_sidebar":"0","ocean_second_sidebar":"0","ocean_disable_margins":"enable","ocean_add_body_class":"","ocean_shortcode_before_top_bar":"","ocean_shortcode_after_top_bar":"","ocean_shortcode_before_header":"","ocean_shortcode_after_header":"","ocean_has_shortcode":"","ocean_shortcode_after_title":"","ocean_shortcode_before_footer_widgets":"","ocean_shortcode_after_footer_widgets":"","ocean_shortcode_before_footer_bottom":"","ocean_shortcode_after_footer_bottom":"","ocean_display_top_bar":"default","ocean_display_header":"default","ocean_header_style":"","ocean_center_header_left_menu":"0","ocean_custom_header_template":"0","ocean_custom_logo":0,"ocean_custom_retina_logo":0,"ocean_custom_logo_max_width":0,"ocean_custom_logo_tablet_max_width":0,"ocean_custom_logo_mobile_max_width":0,"ocean_custom_logo_max_height":0,"ocean_custom_logo_tablet_max_height":0,"ocean_custom_logo_mobile_max_height":0,"ocean_header_custom_menu":"0","ocean_menu_typo_font_family":"0","ocean_menu_typo_font_subset":"","ocean_menu_typo_font_size":0,"ocean_menu_typo_font_size_tablet":0,"ocean_menu_typo_font_size_mobile":0,"ocean_menu_typo_font_size_unit":"px","ocean_menu_typo_font_weight":"","ocean_menu_typo_font_weight_tablet":"","ocean_menu_typo_font_weight_mobile":"","ocean_menu_typo_transform":"","ocean_menu_typo_transform_tablet":"","ocean_menu_typo_transform_mobile":"","ocean_menu_typo_line_height":0,"ocean_menu_typo_line_height_tablet":0,"ocean_menu_typo_line_height_mobile":0,"ocean_menu_typo_line_height_unit":"","ocean_menu_typo_spacing":0,"ocean_menu_typo_spacing_tablet":0,"ocean_menu_typo_spacing_mobile":0,"ocean_menu_typo_spacing_unit":"","ocean_menu_link_color":"","ocean_menu_link_color_hover":"","ocean_menu_link_color_active":"","ocean_menu_link_background":"","ocean_menu_link_hover_background":"","ocean_menu_link_active_background":"","ocean_menu_social_links_bg":"","ocean_menu_social_hover_links_bg":"","ocean_menu_social_links_color":"","ocean_menu_social_hover_links_color":"","ocean_disable_title":"default","ocean_disable_heading":"default","ocean_post_title":"","ocean_post_subheading":"","ocean_post_title_style":"","ocean_post_title_background_color":"","ocean_post_title_background":0,"ocean_post_title_bg_image_position":"","ocean_post_title_bg_image_attachment":"","ocean_post_title_bg_image_repeat":"","ocean_post_title_bg_image_size":"","ocean_post_title_height":0,"ocean_post_title_bg_overlay":0.5,"ocean_post_title_bg_overlay_color":"","ocean_disable_breadcrumbs":"default","ocean_breadcrumbs_color":"","ocean_breadcrumbs_separator_color":"","ocean_breadcrumbs_links_color":"","ocean_breadcrumbs_links_hover_color":"","ocean_display_footer_widgets":"default","ocean_display_footer_bottom":"default","ocean_custom_footer_template":"0","footnotes":""},"class_list":["post-4447","page","type-page","status-publish","hentry","entry"],"acf":[],"_links":{"self":[{"href":"https:\/\/iveinarabic.org\/es\/wp-json\/wp\/v2\/pages\/4447","targetHints":{"allow":["GET"]}}],"collection":[{"href":"https:\/\/iveinarabic.org\/es\/wp-json\/wp\/v2\/pages"}],"about":[{"href":"https:\/\/iveinarabic.org\/es\/wp-json\/wp\/v2\/types\/page"}],"author":[{"embeddable":true,"href":"https:\/\/iveinarabic.org\/es\/wp-json\/wp\/v2\/users\/2"}],"replies":[{"embeddable":true,"href":"https:\/\/iveinarabic.org\/es\/wp-json\/wp\/v2\/comments?post=4447"}],"version-history":[{"count":0,"href":"https:\/\/iveinarabic.org\/es\/wp-json\/wp\/v2\/pages\/4447\/revisions"}],"wp:attachment":[{"href":"https:\/\/iveinarabic.org\/es\/wp-json\/wp\/v2\/media?parent=4447"}],"curies":[{"name":"wp","href":"https:\/\/api.w.org\/{rel}","templated":true}]}}