{"id":5604,"date":"2020-03-10T15:49:21","date_gmt":"2020-03-10T15:49:21","guid":{"rendered":"https:\/\/www.iveinarabic.org\/el-nombre-del-%c2%a8verbo-encarnado%c2%a8\/"},"modified":"2020-03-10T15:49:22","modified_gmt":"2020-03-10T15:49:22","slug":"el-nombre-del-%c2%a8verbo-encarnado%c2%a8","status":"publish","type":"page","link":"https:\/\/iveinarabic.org\/es\/el-nombre-del-%c2%a8verbo-encarnado%c2%a8\/","title":{"rendered":"El Nombre del \u00a8Verbo Encarnado\u00a8"},"content":{"rendered":"\t\t<div data-elementor-type=\"wp-post\" data-elementor-id=\"5604\" class=\"elementor elementor-5604 elementor-142\" data-elementor-post-type=\"page\">\n\t\t\t\t\t\t<section class=\"elementor-section elementor-top-section elementor-element elementor-element-bbcf69d elementor-section-boxed elementor-section-height-default elementor-section-height-default\" data-id=\"bbcf69d\" data-element_type=\"section\" data-e-type=\"section\" data-settings=\"{&quot;jet_parallax_layout_list&quot;:[{&quot;jet_parallax_layout_image&quot;:{&quot;url&quot;:&quot;&quot;,&quot;id&quot;:&quot;&quot;,&quot;size&quot;:&quot;&quot;},&quot;_id&quot;:&quot;ccc7e62&quot;,&quot;jet_parallax_layout_image_tablet&quot;:{&quot;url&quot;:&quot;&quot;,&quot;id&quot;:&quot;&quot;,&quot;size&quot;:&quot;&quot;},&quot;jet_parallax_layout_image_mobile&quot;:{&quot;url&quot;:&quot;&quot;,&quot;id&quot;:&quot;&quot;,&quot;size&quot;:&quot;&quot;},&quot;jet_parallax_layout_speed&quot;:{&quot;unit&quot;:&quot;%&quot;,&quot;size&quot;:50,&quot;sizes&quot;:[]},&quot;jet_parallax_layout_type&quot;:&quot;scroll&quot;,&quot;jet_parallax_layout_z_index&quot;:&quot;&quot;,&quot;jet_parallax_layout_bg_x&quot;:50,&quot;jet_parallax_layout_bg_y&quot;:50,&quot;jet_parallax_layout_bg_size&quot;:&quot;auto&quot;,&quot;jet_parallax_layout_animation_prop&quot;:&quot;transform&quot;,&quot;jet_parallax_layout_on&quot;:[&quot;desktop&quot;,&quot;tablet&quot;],&quot;jet_parallax_layout_direction&quot;:&quot;1&quot;,&quot;jet_parallax_layout_fx_direction&quot;:null,&quot;jet_parallax_layout_bg_x_tablet&quot;:&quot;&quot;,&quot;jet_parallax_layout_bg_x_mobile&quot;:&quot;&quot;,&quot;jet_parallax_layout_bg_y_tablet&quot;:&quot;&quot;,&quot;jet_parallax_layout_bg_y_mobile&quot;:&quot;&quot;,&quot;jet_parallax_layout_bg_size_tablet&quot;:&quot;&quot;,&quot;jet_parallax_layout_bg_size_mobile&quot;:&quot;&quot;}]}\">\n\t\t\t\t\t\t<div class=\"elementor-container elementor-column-gap-default\">\n\t\t\t\t\t<div class=\"elementor-column elementor-col-33 elementor-top-column elementor-element elementor-element-36fbdf5\" data-id=\"36fbdf5\" data-element_type=\"column\" data-e-type=\"column\">\n\t\t\t<div class=\"elementor-widget-wrap elementor-element-populated\">\n\t\t\t\t\t\t<div class=\"elementor-element elementor-element-ba06e79 elementor-widget elementor-widget-image\" data-id=\"ba06e79\" data-element_type=\"widget\" data-e-type=\"widget\" data-widget_type=\"image.default\">\n\t\t\t\t<div class=\"elementor-widget-container\">\n\t\t\t\t\t\t\t\t\t\t\t\t\t\t\t<img fetchpriority=\"high\" decoding=\"async\" width=\"685\" height=\"495\" src=\"https:\/\/iveinarabic.org\/wp-content\/uploads\/2019\/08\/name.jpg\" class=\"attachment-large size-large wp-image-3119\" alt=\"\" srcset=\"https:\/\/iveinarabic.org\/wp-content\/uploads\/2019\/08\/name.jpg 685w, https:\/\/iveinarabic.org\/wp-content\/uploads\/2019\/08\/name-300x217.jpg 300w\" sizes=\"(max-width: 685px) 100vw, 685px\" \/>\t\t\t\t\t\t\t\t\t\t\t\t\t\t\t<\/div>\n\t\t\t\t<\/div>\n\t\t\t\t\t<\/div>\n\t\t<\/div>\n\t\t\t\t<div class=\"elementor-column elementor-col-66 elementor-top-column elementor-element elementor-element-6099394\" data-id=\"6099394\" data-element_type=\"column\" data-e-type=\"column\">\n\t\t\t<div class=\"elementor-widget-wrap elementor-element-populated\">\n\t\t\t\t\t\t<div class=\"elementor-element elementor-element-548a66f elementor-widget elementor-widget-heading\" data-id=\"548a66f\" data-element_type=\"widget\" data-e-type=\"widget\" data-widget_type=\"heading.default\">\n\t\t\t\t<div class=\"elementor-widget-container\">\n\t\t\t\t\t<h2 class=\"elementor-heading-title elementor-size-default\">El Nombre del \u00a8Verbo Encarnado\u00a8<\/h2>\t\t\t\t<\/div>\n\t\t\t\t<\/div>\n\t\t\t\t<div class=\"elementor-element elementor-element-095fa04 elementor-widget elementor-widget-text-editor\" data-id=\"095fa04\" data-element_type=\"widget\" data-e-type=\"widget\" data-widget_type=\"text-editor.default\">\n\t\t\t\t<div class=\"elementor-widget-container\">\n\t\t\t\t\t\t\t\t\t<p><span style=\"color: #ab2929;\">INSTITUTO DEL VERBO ENCARNADO<\/span><\/p>\n<p>El Instituto del Verbo Encarnado (IVE) es un Instituto Religioso cat\u00f3lico. Sus miembros son sacerdotes, seminaristas y hermanos.<\/p>\n<p>El IVE fue fundado en Argentina el 25 de marzo de 1984 por el Reverendo Padre Carlos Miguel Buela. Ese mismo d\u00eda, San Juan Pablo II consagr\u00f3 el mundo entero a la Virgen de F\u00e1tima.<\/p>\n<p>&nbsp;<\/p>\n<p>Nuestra vocaci\u00f3n es seguir a Cristo m\u00e1s de cerca bajo la acci\u00f3n del Esp\u00edritu Santo. Queremos dedicarnos totalmente a Dios como a nuestro Amor Supremo, buscando su gloria de una forma nueva y especial, para la edificaci\u00f3n de la Iglesia y la salvaci\u00f3n de las almas.<\/p>\n<p>IMITAR A CRISTO: LA CONSAGRACI\u00d3N RELIGIOSA<\/p>\n<p>Queremos imitar lo m\u00e1s perfectamente posible a Jesucristo, principalmente en el cumplimiento de los tres votos de castidad, pobreza y obediencia, impulsados por la caridad.<\/p>\n<p>&nbsp;<\/p>\n<p>Elegimos vivir para siempre castos, por el Reino de los Cielos, pobres, manifestando que Dios es la \u00fanica riqueza verdadera del hombre, y obedientes, hasta la muerte de cruz, para seguir m\u00e1s \u00edntimamente al Verbo Encarnado en su castidad, pobreza y obediencia.<\/p>\n<p>&nbsp;<\/p>\n<p>A la vez, queremos manifestar nuestro amor y agradecimiento a la Sant\u00edsima Virgen suplicando su ayuda imprescindible para prolongar la Encarnaci\u00f3n en todas las cosas, y por eso hacemos un cuarto voto de esclavitud mariana seg\u00fan el modo de San Luis Mar\u00eda Grignion de Montfort. Queremos ser Ap\u00f3stoles de Mar\u00eda entreg\u00e1ndonos a Ella en materna esclavitud de amor, haciendo todo \u201cpor Mar\u00eda, con Mar\u00eda, en Mar\u00eda y para Mar\u00eda\u00bb (Tratado de la Verdadera Devoci\u00f3n, 257).<\/p>\n<p>&nbsp;<\/p>\n<p>Formamos una familia, emitimos votos p\u00fablicos y vivimos vida fraterna en com\u00fan. Buscamos formarnos para crecer siempre en una gran madurez humana y cristiana para alcanzar la medida de la estatura de la plenitud de Cristo (Ef 4,13).<\/p>\n\t\t\t\t\t\t\t\t<\/div>\n\t\t\t\t<\/div>\n\t\t\t\t\t<\/div>\n\t\t<\/div>\n\t\t\t\t\t<\/div>\n\t\t<\/section>\n\t\t\t\t<\/div>\n\t\t","protected":false},"excerpt":{"rendered":"<p>INSTITUTO DEL VERBO ENCARNADO El Instituto del Verbo Encarnado (IVE) es un Instituto Religioso cat\u00f3lico. Sus miembros son sacerdotes, seminaristas y hermanos. El IVE fue fundado en Argentina el 25 de marzo de 1984 por el Reverendo Padre Carlos Miguel Buela. Ese mismo d\u00eda, San Juan Pablo II consagr\u00f3 el mundo entero a la Virgen [&hellip;]<\/p>\n","protected":false},"author":2,"featured_media":0,"parent":0,"menu_order":0,"comment_status":"closed","ping_status":"closed","template":"elementor_header_footer","meta":{"_acf_changed":false,"ocean_post_layout":"","ocean_both_sidebars_style":"","ocean_both_sidebars_content_width":0,"ocean_both_sidebars_sidebars_width":0,"ocean_sidebar":"0","ocean_second_sidebar":"0","ocean_disable_margins":"enable","ocean_add_body_class":"","ocean_shortcode_before_top_bar":"","ocean_shortcode_after_top_bar":"","ocean_shortcode_before_header":"","ocean_shortcode_after_header":"","ocean_has_shortcode":"","ocean_shortcode_after_title":"","ocean_shortcode_before_footer_widgets":"","ocean_shortcode_after_footer_widgets":"","ocean_shortcode_before_footer_bottom":"","ocean_shortcode_after_footer_bottom":"","ocean_display_top_bar":"default","ocean_display_header":"default","ocean_header_style":"","ocean_center_header_left_menu":"0","ocean_custom_header_template":"0","ocean_custom_logo":0,"ocean_custom_retina_logo":0,"ocean_custom_logo_max_width":0,"ocean_custom_logo_tablet_max_width":0,"ocean_custom_logo_mobile_max_width":0,"ocean_custom_logo_max_height":0,"ocean_custom_logo_tablet_max_height":0,"ocean_custom_logo_mobile_max_height":0,"ocean_header_custom_menu":"0","ocean_menu_typo_font_family":"0","ocean_menu_typo_font_subset":"","ocean_menu_typo_font_size":0,"ocean_menu_typo_font_size_tablet":0,"ocean_menu_typo_font_size_mobile":0,"ocean_menu_typo_font_size_unit":"px","ocean_menu_typo_font_weight":"","ocean_menu_typo_font_weight_tablet":"","ocean_menu_typo_font_weight_mobile":"","ocean_menu_typo_transform":"","ocean_menu_typo_transform_tablet":"","ocean_menu_typo_transform_mobile":"","ocean_menu_typo_line_height":0,"ocean_menu_typo_line_height_tablet":0,"ocean_menu_typo_line_height_mobile":0,"ocean_menu_typo_line_height_unit":"","ocean_menu_typo_spacing":0,"ocean_menu_typo_spacing_tablet":0,"ocean_menu_typo_spacing_mobile":0,"ocean_menu_typo_spacing_unit":"","ocean_menu_link_color":"","ocean_menu_link_color_hover":"","ocean_menu_link_color_active":"","ocean_menu_link_background":"","ocean_menu_link_hover_background":"","ocean_menu_link_active_background":"","ocean_menu_social_links_bg":"","ocean_menu_social_hover_links_bg":"","ocean_menu_social_links_color":"","ocean_menu_social_hover_links_color":"","ocean_disable_title":"default","ocean_disable_heading":"default","ocean_post_title":"","ocean_post_subheading":"","ocean_post_title_style":"","ocean_post_title_background_color":"","ocean_post_title_background":0,"ocean_post_title_bg_image_position":"","ocean_post_title_bg_image_attachment":"","ocean_post_title_bg_image_repeat":"","ocean_post_title_bg_image_size":"","ocean_post_title_height":0,"ocean_post_title_bg_overlay":0.5,"ocean_post_title_bg_overlay_color":"","ocean_disable_breadcrumbs":"default","ocean_breadcrumbs_color":"","ocean_breadcrumbs_separator_color":"","ocean_breadcrumbs_links_color":"","ocean_breadcrumbs_links_hover_color":"","ocean_display_footer_widgets":"default","ocean_display_footer_bottom":"default","ocean_custom_footer_template":"0","footnotes":""},"class_list":["post-5604","page","type-page","status-publish","hentry","entry"],"acf":[],"_links":{"self":[{"href":"https:\/\/iveinarabic.org\/es\/wp-json\/wp\/v2\/pages\/5604","targetHints":{"allow":["GET"]}}],"collection":[{"href":"https:\/\/iveinarabic.org\/es\/wp-json\/wp\/v2\/pages"}],"about":[{"href":"https:\/\/iveinarabic.org\/es\/wp-json\/wp\/v2\/types\/page"}],"author":[{"embeddable":true,"href":"https:\/\/iveinarabic.org\/es\/wp-json\/wp\/v2\/users\/2"}],"replies":[{"embeddable":true,"href":"https:\/\/iveinarabic.org\/es\/wp-json\/wp\/v2\/comments?post=5604"}],"version-history":[{"count":0,"href":"https:\/\/iveinarabic.org\/es\/wp-json\/wp\/v2\/pages\/5604\/revisions"}],"wp:attachment":[{"href":"https:\/\/iveinarabic.org\/es\/wp-json\/wp\/v2\/media?parent=5604"}],"curies":[{"name":"wp","href":"https:\/\/api.w.org\/{rel}","templated":true}]}}